{"id":10082,"date":"2023-10-20T03:10:36","date_gmt":"2023-10-20T08:10:36","guid":{"rendered":"https:\/\/utelvt.edu.ec\/concordia\/?page_id=10082"},"modified":"2023-10-21T00:43:49","modified_gmt":"2023-10-21T05:43:49","slug":"nuestras-carreras","status":"publish","type":"page","link":"https:\/\/utelvt.edu.ec\/concordia\/nuestras-carreras\/","title":{"rendered":"Nuestras Carreras"},"content":{"rendered":"\t\t<div data-elementor-type=\"wp-page\" data-elementor-id=\"10082\" class=\"elementor elementor-10082\">\n\t\t\t\t<div class=\"elementor-element elementor-element-a9f610f e-grid e-con-boxed e-con e-parent\" data-id=\"a9f610f\" data-element_type=\"container\">\n\t\t\t\t\t<div class=\"e-con-inner\">\n\t\t\t\t<div class=\"elementor-element elementor-element-b0f1199 elementor-position-top elementor-widget elementor-widget-image-box\" data-id=\"b0f1199\" data-element_type=\"widget\" data-widget_type=\"image-box.default\">\n\t\t\t\t\t<div class=\"elementor-image-box-wrapper\"><figure class=\"elementor-image-box-img\"><a href=\"https:\/\/utelvt.edu.ec\/concordia\/facultades\/ciencias-administrativas-y-economicas\/administracion-de-empresas\/\" tabindex=\"-1\"><img fetchpriority=\"high\" decoding=\"async\" width=\"800\" height=\"500\" src=\"https:\/\/utelvt.edu.ec\/concordia\/wp-content\/uploads\/2023\/10\/Administracion.png\" class=\"elementor-animation-float attachment-full size-full wp-image-10086\" alt=\"\" srcset=\"https:\/\/utelvt.edu.ec\/concordia\/wp-content\/uploads\/2023\/10\/Administracion.png 800w, https:\/\/utelvt.edu.ec\/concordia\/wp-content\/uploads\/2023\/10\/Administracion-300x188.png 300w, https:\/\/utelvt.edu.ec\/concordia\/wp-content\/uploads\/2023\/10\/Administracion-768x480.png 768w\" sizes=\"(max-width: 800px) 100vw, 800px\" \/><\/a><\/figure><div class=\"elementor-image-box-content\"><h6 class=\"elementor-image-box-title\"><a href=\"https:\/\/utelvt.edu.ec\/concordia\/facultades\/ciencias-administrativas-y-economicas\/administracion-de-empresas\/\">Ver m\u00e1s<\/a><\/h6><\/div><\/div>\t\t\t\t<\/div>\n\t\t\t\t<div class=\"elementor-element elementor-element-7ca184f elementor-position-top elementor-widget elementor-widget-image-box\" data-id=\"7ca184f\" data-element_type=\"widget\" data-widget_type=\"image-box.default\">\n\t\t\t\t\t<div class=\"elementor-image-box-wrapper\"><figure class=\"elementor-image-box-img\"><a href=\"https:\/\/utelvt.edu.ec\/concordia\/facultades\/ciencias-administrativas-y-economicas\/contabilidad-y-auditoria\/\" tabindex=\"-1\"><img decoding=\"async\" width=\"800\" height=\"500\" src=\"https:\/\/utelvt.edu.ec\/concordia\/wp-content\/uploads\/2023\/10\/Contabilidad.png\" class=\"elementor-animation-float attachment-full size-full wp-image-10087\" alt=\"\" srcset=\"https:\/\/utelvt.edu.ec\/concordia\/wp-content\/uploads\/2023\/10\/Contabilidad.png 800w, https:\/\/utelvt.edu.ec\/concordia\/wp-content\/uploads\/2023\/10\/Contabilidad-300x188.png 300w, https:\/\/utelvt.edu.ec\/concordia\/wp-content\/uploads\/2023\/10\/Contabilidad-768x480.png 768w\" sizes=\"(max-width: 800px) 100vw, 800px\" \/><\/a><\/figure><div class=\"elementor-image-box-content\"><h6 class=\"elementor-image-box-title\"><a href=\"https:\/\/utelvt.edu.ec\/concordia\/facultades\/ciencias-administrativas-y-economicas\/contabilidad-y-auditoria\/\">Ver m\u00e1s<\/a><\/h6><\/div><\/div>\t\t\t\t<\/div>\n\t\t\t\t<div class=\"elementor-element elementor-element-f9c5487 elementor-position-top elementor-widget elementor-widget-image-box\" data-id=\"f9c5487\" data-element_type=\"widget\" data-widget_type=\"image-box.default\">\n\t\t\t\t\t<div class=\"elementor-image-box-wrapper\"><figure class=\"elementor-image-box-img\"><a href=\"https:\/\/utelvt.edu.ec\/concordia\/facultades\/facultad-de-ingenierias\/tecnologias-de-la-informacion\/\" tabindex=\"-1\"><img decoding=\"async\" width=\"800\" height=\"500\" src=\"https:\/\/utelvt.edu.ec\/concordia\/wp-content\/uploads\/2023\/10\/Tecnologias.png\" class=\"elementor-animation-float attachment-full size-full wp-image-10088\" alt=\"\" srcset=\"https:\/\/utelvt.edu.ec\/concordia\/wp-content\/uploads\/2023\/10\/Tecnologias.png 800w, https:\/\/utelvt.edu.ec\/concordia\/wp-content\/uploads\/2023\/10\/Tecnologias-300x188.png 300w, https:\/\/utelvt.edu.ec\/concordia\/wp-content\/uploads\/2023\/10\/Tecnologias-768x480.png 768w\" sizes=\"(max-width: 800px) 100vw, 800px\" \/><\/a><\/figure><div class=\"elementor-image-box-content\"><h6 class=\"elementor-image-box-title\"><a href=\"https:\/\/utelvt.edu.ec\/concordia\/facultades\/facultad-de-ingenierias\/tecnologias-de-la-informacion\/\">Ver m\u00e1s<\/a><\/h6><\/div><\/div>\t\t\t\t<\/div>\n\t\t\t\t\t<\/div>\n\t\t\t\t<\/div>\n\t\t\t\t<\/div>\n\t\t","protected":false},"excerpt":{"rendered":"<p>Ver m\u00e1s Ver m\u00e1s Ver m\u00e1s<\/p>\n","protected":false},"author":7,"featured_media":0,"parent":0,"menu_order":0,"comment_status":"closed","ping_status":"closed","template":"","meta":{"_uag_custom_page_level_css":"","footnotes":""},"class_list":["post-10082","page","type-page","status-publish","hentry","latest_post"],"uagb_featured_image_src":{"full":false,"thumbnail":false,"medium":false,"medium_large":false,"large":false,"1536x1536":false,"2048x2048":false,"education-zone-pro-banner":false,"education-zone-pro-image-full":false,"education-zone-pro-home-info":false,"education-zone-pro-image":false,"education-zone-pro-layout-post":false,"education-zone-pro-featured-post":false,"education-zone-pro-recent-post":false,"education-zone-pro-search-result":false,"education-zone-pro-featured-course":false,"education-zone-pro-testimonial":false,"education-zone-pro-blog-full":false,"education-zone-pro-events":false,"education-zone-pro-team":false,"education-zone-pro-course":false,"education-zone-pro-schema":false,"education-zone-pro-uz-featured-course":false},"uagb_author_info":{"display_name":"CONCORDIA SEDE","author_link":"https:\/\/utelvt.edu.ec\/concordia\/author\/concordia\/"},"uagb_comment_info":0,"uagb_excerpt":"Ver m\u00e1s Ver m\u00e1s Ver m\u00e1s","_links":{"self":[{"href":"https:\/\/utelvt.edu.ec\/concordia\/wp-json\/wp\/v2\/pages\/10082","targetHints":{"allow":["GET"]}}],"collection":[{"href":"https:\/\/utelvt.edu.ec\/concordia\/wp-json\/wp\/v2\/pages"}],"about":[{"href":"https:\/\/utelvt.edu.ec\/concordia\/wp-json\/wp\/v2\/types\/page"}],"author":[{"embeddable":true,"href":"https:\/\/utelvt.edu.ec\/concordia\/wp-json\/wp\/v2\/users\/7"}],"replies":[{"embeddable":true,"href":"https:\/\/utelvt.edu.ec\/concordia\/wp-json\/wp\/v2\/comments?post=10082"}],"version-history":[{"count":20,"href":"https:\/\/utelvt.edu.ec\/concordia\/wp-json\/wp\/v2\/pages\/10082\/revisions"}],"predecessor-version":[{"id":10127,"href":"https:\/\/utelvt.edu.ec\/concordia\/wp-json\/wp\/v2\/pages\/10082\/revisions\/10127"}],"wp:attachment":[{"href":"https:\/\/utelvt.edu.ec\/concordia\/wp-json\/wp\/v2\/media?parent=10082"}],"curies":[{"name":"wp","href":"https:\/\/api.w.org\/{rel}","templated":true}]}}