{"id":9813,"date":"2023-08-22T09:27:37","date_gmt":"2023-08-22T14:27:37","guid":{"rendered":"https:\/\/utelvt.edu.ec\/admision\/?page_id=9813"},"modified":"2024-05-29T20:59:21","modified_gmt":"2024-05-30T01:59:21","slug":"temarios","status":"publish","type":"page","link":"https:\/\/utelvt.edu.ec\/admision\/temarios\/","title":{"rendered":"Temarios"},"content":{"rendered":"<p>[et_pb_section fb_built=\u00bb1&#8243; custom_padding_last_edited=\u00bboff|desktop\u00bb admin_label=\u00bbHero\u00bb _builder_version=\u00bb4.16&#8243; background_color=\u00bb#f8f7fc\u00bb background_color_gradient_direction=\u00bb60deg\u00bb custom_padding=\u00bb100px|0px||\u00bb global_colors_info=\u00bb{}\u00bb][et_pb_row _builder_version=\u00bb4.16&#8243; custom_padding=\u00bb|||\u00bb global_colors_info=\u00bb{}\u00bb][et_pb_column type=\u00bb4_4&#8243; _builder_version=\u00bb4.16&#8243; custom_padding=\u00bb|||\u00bb global_colors_info=\u00bb{}\u00bb custom_padding__hover=\u00bb|||\u00bb][et_pb_text _builder_version=\u00bb4.25.1&#8243; text_font=\u00bbRoboto|600|||||||\u00bb text_font_size=\u00bb16px\u00bb text_line_height=\u00bb1.8em\u00bb header_font=\u00bbRoboto||||||||\u00bb header_2_font=\u00bbPoppins||||||||\u00bb header_2_font_size=\u00bb36px\u00bb header_2_line_height=\u00bb1.4em\u00bb text_orientation=\u00bbcenter\u00bb max_width=\u00bb700px\u00bb module_alignment=\u00bbcenter\u00bb hover_enabled=\u00bb0&#8243; global_colors_info=\u00bb{}\u00bb sticky_enabled=\u00bb0&#8243;]<\/p>\n<h2><strong>Temarios<\/strong><\/h2>\n<p>Consulta los temarios oficiales de la Universidad T\u00e9cnica \u00abLuis Vargas Torres\u00bb de Esmeraldas, para el proceso de admisi\u00f3n y nivelaci\u00f3n, dise\u00f1ados para guiarte en cada etapa de tu ingreso y preparaci\u00f3n acad\u00e9mica.<\/p>\n<p>[\/et_pb_text][et_pb_code _builder_version=\u00bb4.25.1&#8243; _module_preset=\u00bbdefault\u00bb hover_enabled=\u00bb0&#8243; global_colors_info=\u00bb{}\u00bb sticky_enabled=\u00bb0&#8243;]<\/p>\n<table style=\"width:100%; border-collapse: collapse; border-radius: 10px; overflow: hidden;\">\n<tr>\n<th style=\"background-color: #009029; color: white; padding: 10px;\">N\u00b0<\/th>\n<th style=\"background-color: #009029; color: white; padding: 10px;\">\u00c1REAS DEL RAZONAMIENTO<\/th>\n<th style=\"background-color: #009029; color: white; padding: 10px;\">SUBTEMAS<\/th>\n<\/tr>\n<tr>\n<td style=\"padding: 10px;\">1<\/td>\n<td style=\"padding: 10px;\">Razonamiento Verbal<\/td>\n<td style=\"padding: 10px;\"> 1. Comunicaci\u00f3n oral<!\u2013- [et_pb_br_holder] -\u2013> 2. El texto expositivo<!\u2013- [et_pb_br_holder] -\u2013> 3. El art\u00edculo de opini\u00f3n<!\u2013- [et_pb_br_holder] -\u2013> 4. La expresi\u00f3n del sentimiento a trav\u00e9s de palabras (poes\u00eda)<!\u2013- [et_pb_br_holder] -\u2013> 5. Elementos paraling\u00fc\u00edsticos: La entonaci\u00f3n<!\u2013- [et_pb_br_holder] -\u2013> 6. Descontextualizaci\u00f3n<!\u2013- [et_pb_br_holder] -\u2013> 7. Las falacias<!\u2013- [et_pb_br_holder] -\u2013> 8. El Debate<!\u2013- [et_pb_br_holder] -\u2013> 9. Metaplasmos<!\u2013- [et_pb_br_holder] -\u2013> 10. La Conversaci\u00f3n<!\u2013- [et_pb_br_holder] -\u2013> 11. Vicios Pragm\u00e1ticos en el Lenguaje<!\u2013- [et_pb_br_holder] -\u2013> 12. La Declamaci\u00f3n<!\u2013- [et_pb_br_holder] -\u2013> 13. Vicios Sint\u00e1cticos en el Lenguaje<!\u2013- [et_pb_br_holder] -\u2013> 14. Vicios Sem\u00e1nticos en el Lenguaje<!\u2013- [et_pb_br_holder] -\u2013> 15. Dramatizaci\u00f3n<!\u2013- [et_pb_br_holder] -\u2013> 16. El conversatorio<!\u2013- [et_pb_br_holder] -\u2013> 17. Escritos Acad\u00e9micos<!\u2013- [et_pb_br_holder] -\u2013> 18. El ensayo argumentativo<!\u2013- [et_pb_br_holder] -\u2013> 19. La investigaci\u00f3n<!\u2013- [et_pb_br_holder] -\u2013> 20. Lectura y Escritura<!\u2013- [et_pb_br_holder] -\u2013> 21. El resumen<!\u2013- [et_pb_br_holder] -\u2013> 22. El p\u00e1rrafo<!\u2013- [et_pb_br_holder] -\u2013> 23. T\u00e9cnicas de revisi\u00f3n<!\u2013- [et_pb_br_holder] -\u2013> 24. T\u00e9cnicas para planificar la escritura de un texto<!\u2013- [et_pb_br_holder] -\u2013> 25. Sin\u00f3nimos<!\u2013- [et_pb_br_holder] -\u2013> 26. Ant\u00f3nimos<!\u2013- [et_pb_br_holder] -\u2013> 27. Signos de puntuaci\u00f3n <\/td>\n<\/tr>\n<tr>\n<td style=\"padding: 10px;\">2<\/td>\n<td style=\"padding: 10px;\">Razonamiento Num\u00e9rico<\/td>\n<td style=\"padding: 10px;\"> 1. N\u00fameros Reales<!\u2013- [et_pb_br_holder] -\u2013> 2. Propiedades algebraicas de los n\u00fameros reales<!\u2013- [et_pb_br_holder] -\u2013> 3. Propiedades de orden de los n\u00fameros reales<!\u2013- [et_pb_br_holder] -\u2013> 4. Potenciaci\u00f3n con exponente entero y exponente racional<!\u2013- [et_pb_br_holder] -\u2013> 5. Ra\u00edz en\u00e9sima<!\u2013- [et_pb_br_holder] -\u2013> 6. Operaciones con radicales<!\u2013- [et_pb_br_holder] -\u2013> 7. Operaciones combinadas<!\u2013- [et_pb_br_holder] -\u2013> 8. Intervalos, uni\u00f3n e intersecci\u00f3n, diferencia y complemento<!\u2013- [et_pb_br_holder] -\u2013> 9. Valor absoluto y distancia<!\u2013- [et_pb_br_holder] -\u2013> 10. Ecuaciones<!\u2013- [et_pb_br_holder] -\u2013> 11. Sistema de ecuaciones lineales, 2&#215;3, 3&#215;2 y 3&#215;3<!\u2013- [et_pb_br_holder] -\u2013> 12. Ecuaci\u00f3n cartesiana de; circunferencia, par\u00e1bola, elipse e hip\u00e9rbola<!\u2013- [et_pb_br_holder] -\u2013> 13. Ecuaciones de segundo grado<!\u2013- [et_pb_br_holder] -\u2013> 14. Funciones<!\u2013- [et_pb_br_holder] -\u2013> 15. Funciones exponenciales y logar\u00edtmicas<!\u2013- [et_pb_br_holder] -\u2013> 16. Funciones Inyectivas, Sobreyectivas y Biyectivas<!\u2013- [et_pb_br_holder] -\u2013> 17. Matrices y Determinantes<!\u2013- [et_pb_br_holder] -\u2013> 18. Matrices<!\u2013- [et_pb_br_holder] -\u2013> 19. Determinantes<!\u2013- [et_pb_br_holder] -\u2013> 20. Trigonometr\u00eda<!\u2013- [et_pb_br_holder] -\u2013> 21. Funciones trigonom\u00e9tricas<!\u2013- [et_pb_br_holder] -\u2013> 22. Resoluci\u00f3n de tri\u00e1ngulos rect\u00e1ngulos <\/td>\n<\/tr>\n<tr>\n<td style=\"padding: 10px;\">3<\/td>\n<td style=\"padding: 10px;\">Razonamiento L\u00f3gico<\/td>\n<td style=\"padding: 10px;\"> 1. Series verbales<!\u2013- [et_pb_br_holder] -\u2013> 2. Series num\u00e9ricas<!\u2013- [et_pb_br_holder] -\u2013> 3. Identificar patrones<!\u2013- [et_pb_br_holder] -\u2013> 4. Ordenamiento y relaci\u00f3n <\/td>\n<\/tr>\n<tr>\n<td style=\"padding: 10px;\">4<\/td>\n<td style=\"padding: 10px;\">Atenci\u00f3n y concentraci\u00f3n<\/td>\n<td style=\"padding: 10px;\"> 1. Percepci\u00f3n visual<!\u2013- [et_pb_br_holder] -\u2013> 2. Discriminaci\u00f3n visual<!\u2013- [et_pb_br_holder] -\u2013> 3. Busco similar<!\u2013- [et_pb_br_holder] -\u2013> 4. Memoria visual<!\u2013- [et_pb_br_holder] -\u2013> 5. Rapidez y exactitud perceptiva <\/td>\n<\/tr>\n<\/table>\n<p>[\/et_pb_code][\/et_pb_column][\/et_pb_row][\/et_pb_section]<\/p>\n","protected":false},"excerpt":{"rendered":"<p>Temarios Consulta los temarios oficiales de la Universidad T\u00e9cnica \u00abLuis Vargas Torres\u00bb de Esmeraldas, para el proceso de admisi\u00f3n y nivelaci\u00f3n, dise\u00f1ados para guiarte en cada etapa de tu ingreso y preparaci\u00f3n acad\u00e9mica.<\/p>\n","protected":false},"author":9,"featured_media":0,"parent":0,"menu_order":0,"comment_status":"closed","ping_status":"closed","template":"","meta":{"_et_pb_use_builder":"on","_et_pb_old_content":"<style>\/*! elementor - v3.18.0 - 08-12-2023 *\/\n.elementor-widget-divider{--divider-border-style:none;--divider-border-width:1px;--divider-color:#0c0d0e;--divider-icon-size:20px;--divider-element-spacing:10px;--divider-pattern-height:24px;--divider-pattern-size:20px;--divider-pattern-url:none;--divider-pattern-repeat:repeat-x}.elementor-widget-divider .elementor-divider{display:flex}.elementor-widget-divider .elementor-divider__text{font-size:15px;line-height:1;max-width:95%}.elementor-widget-divider .elementor-divider__element{margin:0 var(--divider-element-spacing);flex-shrink:0}.elementor-widget-divider .elementor-icon{font-size:var(--divider-icon-size)}.elementor-widget-divider .elementor-divider-separator{display:flex;margin:0;direction:ltr}.elementor-widget-divider--view-line_icon .elementor-divider-separator,.elementor-widget-divider--view-line_text .elementor-divider-separator{align-items:center}.elementor-widget-divider--view-line_icon .elementor-divider-separator:after,.elementor-widget-divider--view-line_icon .elementor-divider-separator:before,.elementor-widget-divider--view-line_text .elementor-divider-separator:after,.elementor-widget-divider--view-line_text .elementor-divider-separator:before{display:block;content:\"\";border-bottom:0;flex-grow:1;border-top:var(--divider-border-width) var(--divider-border-style) var(--divider-color)}.elementor-widget-divider--element-align-left .elementor-divider .elementor-divider-separator>.elementor-divider__svg:first-of-type{flex-grow:0;flex-shrink:100}.elementor-widget-divider--element-align-left .elementor-divider-separator:before{content:none}.elementor-widget-divider--element-align-left .elementor-divider__element{margin-left:0}.elementor-widget-divider--element-align-right .elementor-divider .elementor-divider-separator>.elementor-divider__svg:last-of-type{flex-grow:0;flex-shrink:100}.elementor-widget-divider--element-align-right .elementor-divider-separator:after{content:none}.elementor-widget-divider--element-align-right .elementor-divider__element{margin-right:0}.elementor-widget-divider:not(.elementor-widget-divider--view-line_text):not(.elementor-widget-divider--view-line_icon) .elementor-divider-separator{border-top:var(--divider-border-width) var(--divider-border-style) var(--divider-color)}.elementor-widget-divider--separator-type-pattern{--divider-border-style:none}.elementor-widget-divider--separator-type-pattern.elementor-widget-divider--view-line .elementor-divider-separator,.elementor-widget-divider--separator-type-pattern:not(.elementor-widget-divider--view-line) .elementor-divider-separator:after,.elementor-widget-divider--separator-type-pattern:not(.elementor-widget-divider--view-line) .elementor-divider-separator:before,.elementor-widget-divider--separator-type-pattern:not([class*=elementor-widget-divider--view]) .elementor-divider-separator{width:100%;min-height:var(--divider-pattern-height);-webkit-mask-size:var(--divider-pattern-size) 100%;mask-size:var(--divider-pattern-size) 100%;-webkit-mask-repeat:var(--divider-pattern-repeat);mask-repeat:var(--divider-pattern-repeat);background-color:var(--divider-color);-webkit-mask-image:var(--divider-pattern-url);mask-image:var(--divider-pattern-url)}.elementor-widget-divider--no-spacing{--divider-pattern-size:auto}.elementor-widget-divider--bg-round{--divider-pattern-repeat:round}.rtl .elementor-widget-divider .elementor-divider__text{direction:rtl}.e-con-inner>.elementor-widget-divider,.e-con>.elementor-widget-divider{width:var(--container-widget-width,100%);--flex-grow:var(--container-widget-flex-grow)}<\/style>\t\t\n\t\t\t<style>\/*! elementor - v3.18.0 - 08-12-2023 *\/\n.elementor-heading-title{padding:0;margin:0;line-height:1}.elementor-widget-heading .elementor-heading-title[class*=elementor-size-]>a{color:inherit;font-size:inherit;line-height:inherit}.elementor-widget-heading .elementor-heading-title.elementor-size-small{font-size:15px}.elementor-widget-heading .elementor-heading-title.elementor-size-medium{font-size:19px}.elementor-widget-heading .elementor-heading-title.elementor-size-large{font-size:29px}.elementor-widget-heading .elementor-heading-title.elementor-size-xl{font-size:39px}.elementor-widget-heading .elementor-heading-title.elementor-size-xxl{font-size:59px}<\/style><h3>ADMISI\u00d3N<\/h3>\t\t\n\t\t\t<h2>Nosotros<\/h2>\t\t\n\t\t\t<style>\/*! elementor - v3.18.0 - 08-12-2023 *\/\n.elementor-widget-image{text-align:center}.elementor-widget-image a{display:inline-block}.elementor-widget-image a img[src$=\".svg\"]{width:48px}.elementor-widget-image img{vertical-align:middle;display:inline-block}<\/style>\t\t\t\t\t\t\t\t\t\t\t\t<img width=\"640\" height=\"427\" src=\"https:\/\/utelvt.edu.ec\/admision\/wp-content\/uploads\/2023\/08\/IMG_3118-1-1024x683.jpg\" alt=\"\" srcset=\"https:\/\/utelvt.edu.ec\/admision\/wp-content\/uploads\/2023\/08\/IMG_3118-1-1024x683.jpg 1024w, https:\/\/utelvt.edu.ec\/admision\/wp-content\/uploads\/2023\/08\/IMG_3118-1-300x200.jpg 300w, https:\/\/utelvt.edu.ec\/admision\/wp-content\/uploads\/2023\/08\/IMG_3118-1-768x512.jpg 768w, https:\/\/utelvt.edu.ec\/admision\/wp-content\/uploads\/2023\/08\/IMG_3118-1-600x400.jpg 600w, https:\/\/utelvt.edu.ec\/admision\/wp-content\/uploads\/2023\/08\/IMG_3118-1.jpg 1200w\" sizes=\"(max-width: 640px) 100vw, 640px\" \/>\t\t\t\t\t\t\t\t\t\t\t\t\t\t\t\n\t\t\t<h3>Nuestra Misi\u00f3n<\/h3>\t\t\n\t\t<p>Fortalecer los conocimientos adquiridos en el bachillerato de los aspirantes a la educaci\u00f3n superior, mediante diversas metodolog\u00edas impartidas por los docentes, para superar falencias tanto acad\u00e9micas como en valores que les permita generar una cultura de competitividad, tener igualdad de oportunidades, enfrentar los nuevos aprendizajes para tener \u00e9xitos en su carrera universitaria.<\/p>\t\t\n\t\t\t<h3>Nuestra Vision<\/h3>\t\t\n\t\t<p>Convertirse en la unidad protagonista generadora de cambios que motive a fomentar el desarrollo de capacidades en los estudiantes para que terminen su carrera universitaria, siendo profesionales que contribuyan con el desarrollo de la ciudad y el pa\u00eds.<\/p>\t\t\n\t\t\t\t\t\t\t\t\t\t\t\t\t\t\t<img width=\"640\" height=\"427\" src=\"https:\/\/utelvt.edu.ec\/admision\/wp-content\/uploads\/2023\/08\/IMG_3116-1-1024x683.jpg\" alt=\"\" srcset=\"https:\/\/utelvt.edu.ec\/admision\/wp-content\/uploads\/2023\/08\/IMG_3116-1-1024x683.jpg 1024w, https:\/\/utelvt.edu.ec\/admision\/wp-content\/uploads\/2023\/08\/IMG_3116-1-300x200.jpg 300w, https:\/\/utelvt.edu.ec\/admision\/wp-content\/uploads\/2023\/08\/IMG_3116-1-768x512.jpg 768w, https:\/\/utelvt.edu.ec\/admision\/wp-content\/uploads\/2023\/08\/IMG_3116-1-600x400.jpg 600w, https:\/\/utelvt.edu.ec\/admision\/wp-content\/uploads\/2023\/08\/IMG_3116-1.jpg 1200w\" sizes=\"(max-width: 640px) 100vw, 640px\" \/>\t\t\t\t\t\t\t\t\t\t\t\t\t\t\t\n\t\t\t<h2>NUESTRAS AUTORIDADES<\/h2>\t\t\n\t\t\t<style>\/*! elementor - v3.18.0 - 08-12-2023 *\/\n.elementor-testimonial-wrapper{overflow:hidden;text-align:center}.elementor-testimonial-wrapper .elementor-testimonial-content{font-size:1.3em;margin-bottom:20px}.elementor-testimonial-wrapper .elementor-testimonial-name{line-height:1.5;display:block}.elementor-testimonial-wrapper .elementor-testimonial-job{font-size:.85em;display:block}.elementor-testimonial-wrapper .elementor-testimonial-meta{width:100%;line-height:1}.elementor-testimonial-wrapper .elementor-testimonial-meta-inner{display:inline-block}.elementor-testimonial-wrapper .elementor-testimonial-meta .elementor-testimonial-details,.elementor-testimonial-wrapper .elementor-testimonial-meta .elementor-testimonial-image{display:table-cell;vertical-align:middle}.elementor-testimonial-wrapper .elementor-testimonial-meta .elementor-testimonial-image img{width:60px;height:60px;border-radius:50%;-o-object-fit:cover;object-fit:cover;max-width:none}.elementor-testimonial-wrapper .elementor-testimonial-meta.elementor-testimonial-image-position-aside .elementor-testimonial-image{padding-right:15px}.elementor-testimonial-wrapper .elementor-testimonial-meta.elementor-testimonial-image-position-aside .elementor-testimonial-details{text-align:left}.elementor-testimonial-wrapper .elementor-testimonial-meta.elementor-testimonial-image-position-top .elementor-testimonial-details,.elementor-testimonial-wrapper .elementor-testimonial-meta.elementor-testimonial-image-position-top .elementor-testimonial-image{display:block}.elementor-testimonial-wrapper .elementor-testimonial-meta.elementor-testimonial-image-position-top .elementor-testimonial-image{margin-bottom:20px}<\/style>\t\t\n\t\t\t\t\t\t\t\"Debemos usar el tiempo sabiamente y darnos cuenta de que siempre es el momento oportuno para hacer las cosas bien.\"\n\t\t\t\t\t\t\t<a href=\"https:\/\/utelvt.edu.ec\/admision\/wp-content\/uploads\/2023\/08\/CURRICULUM-RECTOR-FINAL.pdf\" target=\"_blank\" rel=\"noopener\"><img width=\"240\" height=\"210\" src=\"https:\/\/utelvt.edu.ec\/admision\/wp-content\/uploads\/2023\/08\/RECTOR.jpg\" alt=\"\" \/><\/a>\t\t\t\t\t\t\n\t\t\t\t\t\t\t\t\t\t\t\t\t\t<a href=\"https:\/\/utelvt.edu.ec\/admision\/wp-content\/uploads\/2023\/08\/CURRICULUM-RECTOR-FINAL.pdf\" target=\"_blank\" rel=\"noopener\">Dr. Girard Vernaza Arroyo, PhD<\/a>\n\t\t\t\t\t\t\t\t\t\t\t\t\t\t\t\t\t\t\t\t\t\t<a href=\"https:\/\/utelvt.edu.ec\/admision\/wp-content\/uploads\/2023\/08\/CURRICULUM-RECTOR-FINAL.pdf\" target=\"_blank\" rel=\"noopener\">Rector UTLVTE<\/a>\n\t\t\t\t\t\t\t\"Los ni\u00f1os tienen que ser ense\u00f1ados sobre c\u00f3mo pensar, no qu\u00e9 pensar\"\n\t\t\t\t\t\t\t<a href=\"https:\/\/utelvt.edu.ec\/admision\/wp-content\/uploads\/2023\/08\/CURRICULUM-RECTOR-FINAL.pdf\" target=\"_blank\" rel=\"noopener\"><img width=\"800\" height=\"700\" src=\"https:\/\/utelvt.edu.ec\/admision\/wp-content\/uploads\/2023\/10\/CanchingreElizabeth.jpg\" alt=\"\" \/><\/a>\t\t\t\t\t\t\n\t\t\t\t\t\t\t\t\t\t\t\t\t\t<a href=\"https:\/\/utelvt.edu.ec\/admision\/wp-content\/uploads\/2023\/08\/CURRICULUM-RECTOR-FINAL.pdf\" target=\"_blank\" rel=\"noopener\">Ing. Elizabeth Canchigre Bone, PhD<\/a>\n\t\t\t\t\t\t\t\t\t\t\t\t\t\t\t\t\t\t\t\t\t\t<a href=\"https:\/\/utelvt.edu.ec\/admision\/wp-content\/uploads\/2023\/08\/CURRICULUM-RECTOR-FINAL.pdf\" target=\"_blank\" rel=\"noopener\">Vicerrectora Acad\u00e9mica UTLVTE<\/a>\n\t\t\t\t\t\t\t\"S\u00f3lo la educaci\u00f3n de las masas puede liberar al pueblo. Un hombre educado no puede ser oprimido, si es capaz de pensar por s\u00ed mismo.\"\n\t\t\t\t\t\t\t<a href=\"https:\/\/utelvt.edu.ec\/admision\/wp-content\/uploads\/2023\/08\/Curriculum-vitae-2023-actualizado-AP.pdf\" target=\"_blank\" rel=\"noopener\"><img width=\"769\" height=\"1024\" src=\"https:\/\/utelvt.edu.ec\/admision\/wp-content\/uploads\/2023\/08\/Director-1.jpg\" alt=\"\" \/><\/a>\t\t\t\t\t\t\n\t\t\t\t\t\t\t\t\t\t\t\t\t\t<a href=\"https:\/\/utelvt.edu.ec\/admision\/wp-content\/uploads\/2023\/08\/Curriculum-vitae-2023-actualizado-AP.pdf\" target=\"_blank\" rel=\"noopener\">Ing. Manuel Plaza Castillo, PhD<\/a>\n\t\t\t\t\t\t\t\t\t\t\t\t\t\t\t\t\t\t\t\t\t\t<a href=\"https:\/\/utelvt.edu.ec\/admision\/wp-content\/uploads\/2023\/08\/Curriculum-vitae-2023-actualizado-AP.pdf\" target=\"_blank\" rel=\"noopener\">Director Unidad de Admisi\u00f3n y Nivelaci\u00f3n UTLVTE<\/a>\n\t\t\t\t\t\t\t\"El educador es el hombre que hace que las cosas dif\u00edciles parezcan f\u00e1ciles.\"\n\t\t\t\t\t\t\t<a href=\"https:\/\/utelvt.edu.ec\/admision\/wp-content\/uploads\/2023\/08\/Curriculum-vitae-2023-actualizado-AP.pdf\" target=\"_blank\" rel=\"noopener\"><img width=\"512\" height=\"512\" src=\"https:\/\/utelvt.edu.ec\/admision\/wp-content\/uploads\/2023\/10\/Manuel-Quinonez-Cabeza.jpg\" alt=\"\" \/><\/a>\t\t\t\t\t\t\n\t\t\t\t\t\t\t\t\t\t\t\t\t\t<a href=\"https:\/\/utelvt.edu.ec\/admision\/wp-content\/uploads\/2023\/08\/Curriculum-vitae-2023-actualizado-AP.pdf\" target=\"_blank\" rel=\"noopener\">Dr. Manuel Qui\u00f1onez Cabeza, PhD<\/a>\n\t\t\t\t\t\t\t\t\t\t\t\t\t\t\t\t\t\t\t\t\t\t<a href=\"https:\/\/utelvt.edu.ec\/admision\/wp-content\/uploads\/2023\/08\/Curriculum-vitae-2023-actualizado-AP.pdf\" target=\"_blank\" rel=\"noopener\">Vicerrector de Investigaci\u00f3n, Vinculaci\u00f3n y Posgrado UTLVTE<\/a>","_et_gb_content_width":"","footnotes":""},"class_list":["post-9813","page","type-page","status-publish","hentry"],"_links":{"self":[{"href":"https:\/\/utelvt.edu.ec\/admision\/wp-json\/wp\/v2\/pages\/9813","targetHints":{"allow":["GET"]}}],"collection":[{"href":"https:\/\/utelvt.edu.ec\/admision\/wp-json\/wp\/v2\/pages"}],"about":[{"href":"https:\/\/utelvt.edu.ec\/admision\/wp-json\/wp\/v2\/types\/page"}],"author":[{"embeddable":true,"href":"https:\/\/utelvt.edu.ec\/admision\/wp-json\/wp\/v2\/users\/9"}],"replies":[{"embeddable":true,"href":"https:\/\/utelvt.edu.ec\/admision\/wp-json\/wp\/v2\/comments?post=9813"}],"version-history":[{"count":0,"href":"https:\/\/utelvt.edu.ec\/admision\/wp-json\/wp\/v2\/pages\/9813\/revisions"}],"wp:attachment":[{"href":"https:\/\/utelvt.edu.ec\/admision\/wp-json\/wp\/v2\/media?parent=9813"}],"curies":[{"name":"wp","href":"https:\/\/api.w.org\/{rel}","templated":true}]}}