{"id":234111,"date":"2024-05-24T16:58:12","date_gmt":"2024-05-24T21:58:12","guid":{"rendered":"https:\/\/utelvt.edu.ec\/admision\/?page_id=234111"},"modified":"2024-05-26T00:04:10","modified_gmt":"2024-05-26T05:04:10","slug":"historia","status":"publish","type":"page","link":"https:\/\/utelvt.edu.ec\/admision\/historia\/","title":{"rendered":"Historia"},"content":{"rendered":"<p>[et_pb_section fb_built=\u00bb1&#8243; custom_padding_last_edited=\u00bboff|desktop\u00bb admin_label=\u00bbHero\u00bb _builder_version=\u00bb4.16&#8243; background_color=\u00bb#f8f7fc\u00bb background_color_gradient_direction=\u00bb60deg\u00bb custom_padding=\u00bb100px|0px||\u00bb global_colors_info=\u00bb{}\u00bb][et_pb_row _builder_version=\u00bb4.16&#8243; custom_padding=\u00bb|||\u00bb global_colors_info=\u00bb{}\u00bb][et_pb_column type=\u00bb4_4&#8243; _builder_version=\u00bb4.16&#8243; custom_padding=\u00bb|||\u00bb global_colors_info=\u00bb{}\u00bb custom_padding__hover=\u00bb|||\u00bb][et_pb_text _builder_version=\u00bb4.25.1&#8243; text_font=\u00bbRoboto|600|||||||\u00bb text_font_size=\u00bb16px\u00bb text_line_height=\u00bb1.8em\u00bb header_font=\u00bbRoboto||||||||\u00bb header_2_font=\u00bbPoppins||||||||\u00bb header_2_font_size=\u00bb36px\u00bb header_2_line_height=\u00bb1.4em\u00bb text_orientation=\u00bbcenter\u00bb max_width=\u00bb700px\u00bb module_alignment=\u00bbcenter\u00bb global_colors_info=\u00bb{}\u00bb]<\/p>\n<h2><strong>Resumen Hist\u00f3rico<\/strong><\/h2>\n<p><span>Aqu\u00ed encontrar\u00e1s un recorrido por los hitos m\u00e1s significativos de la Universidad T\u00e9cnica \u00abLuis Vargas Torres\u00bb de Esmeraldas, desde su fundaci\u00f3n hasta la actualidad.<\/span><\/p>\n<p>[\/et_pb_text][\/et_pb_column][\/et_pb_row][\/et_pb_section][et_pb_section fb_built=\u00bb1&#8243; admin_label=\u00bbContact form field\u00bb _builder_version=\u00bb4.16&#8243; background_color=\u00bb#f8f7fc\u00bb custom_margin=\u00bb|||\u00bb custom_padding=\u00bb||100px|\u00bb global_colors_info=\u00bb{}\u00bb][et_pb_row _builder_version=\u00bb4.25.1&#8243; _module_preset=\u00bbdefault\u00bb module_alignment=\u00bbcenter\u00bb global_colors_info=\u00bb{}\u00bb][et_pb_column type=\u00bb4_4&#8243; _builder_version=\u00bb4.25.1&#8243; _module_preset=\u00bbdefault\u00bb global_colors_info=\u00bb{}\u00bb][et_pb_accordion _builder_version=\u00bb4.25.1&#8243; _module_preset=\u00bbdefault\u00bb global_colors_info=\u00bb{}\u00bb][et_pb_accordion_item title=\u00bbANTECEDENTES\u00bb open=\u00bbon\u00bb _builder_version=\u00bb4.25.1&#8243; _module_preset=\u00bbdefault\u00bb global_colors_info=\u00bb{}\u00bb]<\/p>\n<p>A la etapa medieval, de manera com\u00fan y ligera, se la considera un per\u00edodo de total oscurantismo. En realidad, no es del todo as\u00ed. Entre otras razones porque las primeras universidades con la estructuraci\u00f3n que actualmente conocemos, se crearon en esa \u00e9poca.<\/p>\n<p>Se considera que las primeras fueron la de Bolonia con su facultad de Medicina; y la m\u00e1s prestigiosa, la de Par\u00eds, con su facultad de Leyes. Luego vendr\u00edan Oxford (muy allegada a la de Par\u00eds), Cambridge (como disidente de Oxford), Padua, N\u00e1poles, Salamanca, L\u00e9rida, Praga, Cracovia, Viena, etc. Fueron concebidas como una especie de polo de desarrollo de sus respectivas localidades, por el movimiento de personas y de comercio que generaron.<\/p>\n<p>En lo que respecta a la creaci\u00f3n de la Universidad T\u00e9cnica \u201cLuis Vargas Torres\u201d de Esmeraldas (UTLVTE) hay tres per\u00edodos claramente identificables, como lo dejara consignado el Acad\u00e9mico de la Historia, Marcel P\u00e9rez Estupi\u00f1\u00e1n, tambi\u00e9n uno de sus estudiantes y art\u00edfices fundadores m\u00e1s importantes, y que nos ha servido de gu\u00eda para realizar esta exposici\u00f3n.<\/p>\n<p>[\/et_pb_accordion_item][et_pb_accordion_item title=\u00bbPrimera Etapa. De los Precursores\u00bb _builder_version=\u00bb4.25.1&#8243; _module_preset=\u00bbdefault\u00bb global_colors_info=\u00bb{}\u00bb open=\u00bboff\u00bb]<\/p>\n<p>Durante la d\u00e9cada de 1950 el auge bananero permiti\u00f3 vivir con holgura en nuestra provincia. En los embarques de Quinind\u00e9, Viche, La Propicia, Las Palmas, en el r\u00edo Santiago y en el Cayapas, en Rioverde, Galera, San Francisco, Muisne, Bol\u00edvar, etc hab\u00eda gran movimiento econ\u00f3mico.<\/p>\n<p>Lastimosamente, los grandes intereses creados nacionales se confabularon para enfrentar al empresario sueco Folke Anderson, que visionaba un gran futuro agr\u00edcola para Esmeraldas. As\u00ed, para fines de la d\u00e9cada, hab\u00edan echado al traste su proyecto y empez\u00f3 una larga migraci\u00f3n campesina hacia los poblados urbanos. El posterior decaimiento del poder competitivo de la fruta ecuatoriana a nivel mundial result\u00f3 nefasto y empezaron as\u00ed \u2013para inicios de la d\u00e9cada de 1960- los descontentos pol\u00edticos que desembocaron en la dictadura presidida por el esmeralde\u00f1o contralmirante Ram\u00f3n Castro Jij\u00f3n.<\/p>\n<p>Los estudiantes secundarios de la ciudad de Esmeraldas entendieron que sus posibilidades de estudiar una carrera universitaria eran nulas por la situaci\u00f3n econ\u00f3mica vigente, que no les permit\u00eda a sus padres costearlas en otra provincia. As\u00ed fue c\u00f3mo, del colegio \u201c5 de agosto\u201d en julio\/1963, liderados por el presidente estudiantil Antonio Lara Qui\u00f1\u00f3nez y acompa\u00f1ado de Jefferson Qu\u00f1\u00f3nez Becerra, Miguel Drouet Aparicio, Marcel Rhor Rivas, Lily Cisneros (reina del colegio), Gorky D\u00edaz Coronel solicitaron audiencia a Castro en su visita oficial a Esmeraldas. No obtuvieron la ayuda esperada, pero la tenacidad de la juventud esmeralde\u00f1a empez\u00f3 a crear todo un movimiento imparable cuando adhirieron a la idea los dem\u00e1s colegios, con personajes como Walter Ch\u00e1vez, Josu\u00e9 Casella, C\u00e9sar y Carlos Hern\u00e1ndez, Atahualpa Qui\u00f1\u00f3nez, Emil Angulo, Rufino Villacr\u00e9s, Antonio Mor\u00e1n, Mar\u00eda Delgado, Filena Estupi\u00f1\u00e1n, Luis Govea, el adolescente Jos\u00e9 Bazurto Mendoza, etc. Una magna Asamblea, que convoc\u00f3 alrededor de 80 personas en el parque \u201c20 de marzo\u201d, del lado de la calle \u201c9 de octubre\u201d el d\u00eda 29\/enero\/1964, conform\u00f3 la primera Directiva del Comit\u00e9 Pro Creaci\u00f3n. Y cuando Lara Qui\u00f1\u00f3nez en 1966 fue a Guayaquil a estudiar la carrera de Leyes lo reemplaz\u00f3 Walter Ch\u00e1vez.<\/p>\n<p>Fueron ingentes las actividades que debieron realizar durante largo tiempo, reuni\u00e9ndose en el Centro Agr\u00edcola Cantonal, cedido por su Presidente Edgar Garc\u00eda P\u00e9rez, otro de los personajes cruciales en esta gesta.<\/p>\n<p>Ca\u00edda la dictadura militar en marzo\/1966, el nuevo gobierno de Clemente Yerovi Indaburo reconoci\u00f3 la existencia legal de la FESE, que en Esmeraldas era liderada precisamente por Jos\u00e9 Bazurto, lo cual devino crucial pues logr\u00f3 la adhesi\u00f3n de la UNE liderada por Jos\u00e9 Jij\u00f3n Saavedra y Carmen Cuadros de Donoso, del Sindicato de Choferes representado por Carlos D\u00edaz Cervantes, de los dirigentes de los trabajadores Segundo Gonz\u00e1les y Julio Gil, y de la Federaci\u00f3n de Artesanos dirigida por F\u00e9lix Oyarvide S\u00e1nchez. El 12\/julio se firm\u00f3 un Manifiesto convocando a toda la ciudadan\u00eda y se realiz\u00f3 una marcha por la ciudad, al final de la cual el poeta Antonio Preciado pronunci\u00f3 un vibrante discurso. De all\u00ed en m\u00e1s se unieron todas las fuerzas sociales y se transform\u00f3 en un movimiento provincial, a tal punto que las cooperativas de transporte interprovincial gravaron los pasajes para entregar un aporte econ\u00f3mico en favor de la causa, lo propio realiz\u00f3 el propietario del cine \u201cEsmeraldas\u201d Eduardo Beltr\u00e1n, los estudiantes esmeralde\u00f1os de otras ciudades tambi\u00e9n conformaron Comit\u00e9s de apoyo y los candidatos a la siguiente Constituyente para noviembre\/1966 lo incluyeron en sus planes de trabajo.<\/p>\n<p>[\/et_pb_accordion_item][et_pb_accordion_item title=\u00bbSegunda Etapa. Las Extensiones de Ciencias Agropecuarias y de Ciencias de la Educaci\u00f3n\u00bb _builder_version=\u00bb4.25.1&#8243; _module_preset=\u00bbdefault\u00bb global_colors_info=\u00bb{}\u00bb open=\u00bboff\u00bb]<\/p>\n<p>Precisamente a esa Constituyente asistieron en representaci\u00f3n provincial Edgar Garc\u00eda P\u00e9rez que fue luego Vocal de la Comisi\u00f3n Nacional de Educaci\u00f3n y el Acad\u00e9mico de la Historia Julio Estupi\u00f1\u00e1n Tello, (m\u00e1s adelante Dr. HC por esta universidad), quien era en aquel momento Segundo Vicepresidente de la Asamblea, cuyos papeles en tan altas dignidades fueron fundamentales para las aspiraciones de los esmeralde\u00f1os. Se logr\u00f3 conseguir 10.000 firmas de respaldo, encabezadas por el Obispo \u00c1ngel Barbissotti, el Prefecto Bol\u00edvar Drouet Calder\u00f3n, el Alcalde Jorge Campa\u00edn Mart\u00ednez, el Presidente del municipio de Limones Amadeo Rivadeneira Minaya, el Presidente del municipio de Muisne, los rectores de los colegios, los gerentes de los bancos y toda clase de autoridades y ciudadan\u00eda en general.<\/p>\n<p>La creaci\u00f3n directa de una nueva universidad pasaba, seg\u00fan las normativas de la \u00e9poca, por la aprobaci\u00f3n del Consejo Nacional de Educaci\u00f3n Superior, organismo que no iba a dar paso al proyecto por cuanto disminu\u00eda las rentas de las otras universidades ya existentes, tal como hab\u00eda sucedido con aspiraciones de otras provincias.<\/p>\n<p>As\u00ed pues, Julio Estupi\u00f1\u00e1n Tello concibi\u00f3 la idea de empezar creando Extensiones de otras universidades, lo cual result\u00f3 acertado.<\/p>\n<p>1. La Facultad de Ingenier\u00eda Agron\u00f3mica y Medicina Veterinaria de la Universidad Central de Quito fue la escogida para cobijar una Extensi\u00f3n de Ingenier\u00eda Forestal e Ingenier\u00eda Zoot\u00e9cnica, para lo cual se cont\u00f3 con el entusiasta apoyo de su rector Juan Isaac Lovato, del mismo partido de Estupi\u00f1\u00e1n Tello y Garc\u00eda P\u00e9rez. Adem\u00e1s, en el Consejo Universitario de dicha universidad era representante estudiantil el esmeralde\u00f1o Sigifredo Saavedra Mendoza.<br \/>As\u00ed pues, el 06\/junio\/1968 se inaugur\u00f3 esta Extensi\u00f3n en el auditorio del colegio \u201c5 de agosto\u201d, con las siguientes autoridades:<\/p>\n<p>Director: Ing. Iv\u00e1n Moreno Gal\u00e1rraga<\/p>\n<p>Sub-director: Ing. Eduardo Rom\u00e1n<\/p>\n<p>Profesores: Dr. Sigifredo Saavedra, Ing. Jorge Prado Estupi\u00f1\u00e1n, Ing. Daniel Pe\u00f1afiel (f\u00edsica y matem\u00e1ticas), Ing. Joel Regalado, J. Arroyo (ingl\u00e9s), Lcda. Luz Mar\u00eda Cabezas (educaci\u00f3n f\u00edsica), etc.<\/p>\n<p>Planta administrativa: Edgar Garc\u00eda P\u00e9rez (secretario-tesorero), Natasha C\u00e1rdenas y Mar\u00eda S\u00e1nchez de Valverde (bibliotecarias), Enriqueta Balda de Plaza (estad\u00edstica), Norma Loayza (secretaria), Esteban Qui\u00f1\u00f3nez (chofer), Cipriano Qui\u00f1\u00f3nez (conserje), etc.<\/p>\n<p>Entre sus primeros estudiantes constan: Alfredo Ar\u00e9valo Tello, Betto Vernaza Castillo, Oswaldo Cervantes, Gilberto Pullas, V\u00edctor Hidalgo, Roy Rojas, Edmundo P\u00e9rez, Nelson Estupi\u00f1\u00e1n, etc, para un total de 60 alumnos.<\/p>\n<p>Las clases se iniciaron en el edificio de los herederos de Telmo Bastidas, calle 10 de Agosto entre Olmedo y Col\u00f3n.<\/p>\n<p>1. La Facultad de Ciencias de la Educaci\u00f3n de la Universidad Laica \u201cVicente Rocafuerte\u201d de Guayaquil fue la escogida para cobijar una Extensi\u00f3n del mismo tipo, para lo cual se cont\u00f3 con el entusiasta aporte de Enrique Su\u00e1rez Pimentel, a la saz\u00f3n Presidente de la UNE Provincial, el cual cont\u00f3 con el apoyo de Olga Pimentel de Morcillo, Gabriel Iriarte R\u00edos, Dalinda Mendoza Manzaba, Marcel P\u00e9rez, Alexa M\u00e9ndez Bernal, Benito Reyes Pazmi\u00f1o, Carlos Ojeda San Mart\u00edn, Sonia Rodr\u00edguez, Hayd\u00e9 Correa Mina, Irma Loor, Guillermo Bustos y una gran cantidad de maestros normalistas.<br \/>De esta forma, el 12\/mayo\/1969 se inaugur\u00f3 esta Extensi\u00f3n, con las siguientes autoridades:<\/p>\n<p>Decano: Lcdo. Alfredo Pinoargote Cevallos<\/p>\n<p>Sub-decano: Enrique Su\u00e1rez Pimentel<\/p>\n<p>Profesores: Dr. Olmedo Portocarrero, Lcdo. Antonio Sotomayor, el sacerdote Pino Mariani, Dr. Segundo Salas Meza, etc<\/p>\n<p>Entre sus primeros estudiantes constan, a m\u00e1s de los ya citados impulsadores: Lenin Sol\u00eds C\u00falter, Jefferson S\u00e1nchez Quintero, Carlos G\u00e1mez, Em\u00e9rita y Ana Mar\u00eda Qui\u00f1\u00f3nez, Elda Estupi\u00f1\u00e1n, Vicente Tobar Jarr\u00edn, Dami\u00e1n Gudi\u00f1o, Jorge Centeno, Lipsia Jij\u00f3n, Ivers Bedoya, Alejandro Bodero, Remigio Le\u00f3n, etc, para un total de 110 alumnos.<\/p>\n<p>Las clases se iniciaron en dos aulas cedidas por el colegio \u201cLuis Tello\u201d.<\/p>\n<p>[\/et_pb_accordion_item][et_pb_accordion_item title=\u00bbTercera Etapa. La Universidad T\u00e9cnica de Esmeraldas \u201cLuis Vargas Torres\u201d\u00bb _builder_version=\u00bb4.25.1&#8243; _module_preset=\u00bbdefault\u00bb global_colors_info=\u00bb{}\u00bb open=\u00bboff\u00bb]<\/p>\n<p>La d\u00e9cada de 1970 inici\u00f3 con los graves problemas econ\u00f3micos de siempre en nuestro pa\u00eds, pero con la ilusi\u00f3n del nuevo rengl\u00f3n econ\u00f3mico que era el petr\u00f3leo.<\/p>\n<p>La Extensi\u00f3n de Educaci\u00f3n hab\u00eda creado la Escuela de Administraci\u00f3n y Econom\u00eda, pero todas las carreras estaban en riesgo de desaparecer por la falta del financiamiento necesario. La soluci\u00f3n m\u00e1s conveniente ante tal panorama era la creaci\u00f3n de una universidad aut\u00f3noma con rentas propias. Pero el asunto deven\u00eda cuesta arriba. Era necesario llevar adelante otro proceso de creaci\u00f3n y para ello se conform\u00f3 el respectivo Comit\u00e9, liderado por Enrique Su\u00e1rez Pimentel. El potencial de una provincia unida es realmente grandioso.<\/p>\n<p>Nuevamente brot\u00f3 la gran animosidad de los esmeralde\u00f1os, hombres y mujeres j\u00f3venes, que buscaban la superaci\u00f3n personal. Y nuevamente todos los estamentos provinciales respondieron favorablemente ante tan plausible actitud.<\/p>\n<p>Se busc\u00f3 el financiamiento por el \u00e1mbito estatal y el privado. Primero, para solventar de manera suficiente lo logrado hasta la fecha. Segundo, para crear la universidad propia. Las mujeres organizaron toda clase de actos para recaudar fondos, el periodismo colabor\u00f3 gratuitamente en todas las campa\u00f1as informativas y motivacionales, se realizaron visitas a todas las universidades del pa\u00eds para conseguir el voto favorable de los rectores una vez que se supo que la opini\u00f3n del Dr. Manuel Agust\u00edn Aguirre, rector de la Central, era la de cerrar la Extensi\u00f3n, se verific\u00f3 inn\u00famero de viajes a Quito, etc.<\/p>\n<p>Cabe destacar en esta etapa al segundo Diputado provincial Jorge Raad Estrada, quien propuso en la sesi\u00f3n del Legislativo la aprobaci\u00f3n del proyecto; y al Senador provincial comandante C\u00e9sar Plaza Monz\u00f3n, Vocal de la Comisi\u00f3n de Presupuesto, que asign\u00f3 los primeros dineros sin los cuales hubiese sido imposible esta creaci\u00f3n, al Dr. Enrique V\u00e1squez Jara que prepar\u00f3 los estatutos, al Lcdo. Wellington Jaramillo, secretario del Diputado provincial Conto Pati\u00f1o Mart\u00ednez, donde se redact\u00f3 el decreto correspondiente, dotando de financiamiento permanente al proyecto con las rentas provinciales, todos ellos requisitos legales indispensables. En la marat\u00f3n radial, hasta las personas m\u00e1s pobres entregaron su \u00f3bolo en favor de la causa provincial, tal es el caso de los ni\u00f1os betuneros que entregaban 20 centavos de sucre de sus ganancias diarias, mismas que les fueron resarcidas con las cajas de bacerola donadas por el almac\u00e9n \u201cEl Artesano\u201d. Entre los Diputados de otras provincias merecen gratitud el Dr. Galo Atiaga Bustillos, Asamble\u00edsta Constituyente por Cotopaxi y el Dr. Jorge Salvador Lara, Diputado por Pichincha, que propuso el nombre de nuestro h\u00e9roe provincial. Quien habla, en su calidad de brigadier de la Academia Militar Ecuador de Quito, tuvo el honor de ser alumno de estos 2 grandes intelectuales ecuatorianos.<\/p>\n<p>Finalmente, el 21\/mayo\/1970 se public\u00f3 en el Registro Oficial el decreto de creaci\u00f3n de la Universidad T\u00e9cnica Luis Vargas Torres de Esmeraldas. El 03\/junio se conform\u00f3 la Comisi\u00f3n de Gesti\u00f3n para planificar el inicio de las labores, entre ellas la transferencia de la totalidad de los recursos econ\u00f3micos por parte del Ministerio de Finanzas. Y finalmente la noche del 22\/agosto, en gran Asamblea Universitaria, se eligieron las principales autoridades, que fueron:<\/p>\n<p>Primer Rector: Dr. Luis Prado Viteri<\/p>\n<p>Primer Vice-rector: Ing. Luis Zatiz\u00e1bal Maldonado<\/p>\n<p>Al Consejo Universitario:<\/p>\n<p>Por la Asamblea: Dr. Sigifredo Saavedra Mendoza<\/p>\n<p>Decano Agropecuaria: Ing. Iv\u00e1n Moreno Gal\u00e1rraga<\/p>\n<p>Decano Educaci\u00f3n: Lcdo. Alfredo Pinoargote Cevallos<\/p>\n<p>Por los estudiantes de Agropecuaria: Gilberto Pullas Morales<\/p>\n<p>Por los estudiantes de Educaci\u00f3n: Marcel P\u00e9rez Estupi\u00f1\u00e1n<\/p>\n<p>Tesorero: Edgar Garc\u00eda P\u00e9rez<\/p>\n<p>Secretario-Procurador: Dr. Carlos Arce Alvarado<\/p>\n<p>En esta sucinta narrativa resalta un detalle \u00fanico en la historia del Ecuador: nuestro claustro se debe a la iniciativa y lucha popular de toda la ciudadan\u00eda esmeralde\u00f1a, de todos sus estamentos sociales que se aunaron en un verdadero proyecto provincial. No es una d\u00e1diva que nos haya obsequiado nadie. Se debe al pueblo y a \u00e9l le pertenece. Es algo que ninguna autoridad debe olvidar.<\/p>\n<p>Es, adem\u00e1s, un leg\u00edtimo timbre de orgullo para todos nosotros, especialmente para la juventud estudiosa, como ustedes, pues fue de d\u00f3nde parti\u00f3 la iniciativa. Pero nunca olviden, por otra parte, que ello representa tambi\u00e9n un gran compromiso moral: el no permitir jam\u00e1s su decaimiento y cierre.<\/p>\n<p>Sea este el motor que ahora, bajo la conducci\u00f3n del Dr. Girard Vernaza Arroyo y la Dra. Damarys Garc\u00eda C\u00e9spedes, nos lleve a lograr -todos juntos- la acreditaci\u00f3n a la categor\u00eda B, que todos anhelamos y a la que estamos requeridos por mandato de la ley.<\/p>\n<p>[\/et_pb_accordion_item][et_pb_accordion_item title=\u00bbAutor: Ing. Bing Nev\u00e1rez Mendoza.\u00bb _builder_version=\u00bb4.25.1&#8243; _module_preset=\u00bbdefault\u00bb global_colors_info=\u00bb{}\u00bb open=\u00bboff\u00bb]<\/p>\n<p>Miembro de N\u00famero Academia Nacional de Historia. Miembro Correspondiente Extranjero Academia Nari\u00f1ense de Historia. Miembro Correspondiente Sociedad Nacional Genealogistas.<\/p>\n<p>[\/et_pb_accordion_item][\/et_pb_accordion][\/et_pb_column][\/et_pb_row][\/et_pb_section]<\/p>\n","protected":false},"excerpt":{"rendered":"<p>Resumen Hist\u00f3rico Aqu\u00ed encontrar\u00e1s un recorrido por los hitos m\u00e1s significativos de la Universidad T\u00e9cnica \u00abLuis Vargas Torres\u00bb de Esmeraldas, desde su fundaci\u00f3n hasta la actualidad.A la etapa medieval, de manera com\u00fan y ligera, se la considera un per\u00edodo de total oscurantismo. En realidad, no es del todo as\u00ed. Entre otras razones porque las primeras [&hellip;]<\/p>\n","protected":false},"author":9,"featured_media":0,"parent":0,"menu_order":0,"comment_status":"closed","ping_status":"closed","template":"","meta":{"_et_pb_use_builder":"on","_et_pb_old_content":"","_et_gb_content_width":"","footnotes":""},"class_list":["post-234111","page","type-page","status-publish","hentry"],"_links":{"self":[{"href":"https:\/\/utelvt.edu.ec\/admision\/wp-json\/wp\/v2\/pages\/234111","targetHints":{"allow":["GET"]}}],"collection":[{"href":"https:\/\/utelvt.edu.ec\/admision\/wp-json\/wp\/v2\/pages"}],"about":[{"href":"https:\/\/utelvt.edu.ec\/admision\/wp-json\/wp\/v2\/types\/page"}],"author":[{"embeddable":true,"href":"https:\/\/utelvt.edu.ec\/admision\/wp-json\/wp\/v2\/users\/9"}],"replies":[{"embeddable":true,"href":"https:\/\/utelvt.edu.ec\/admision\/wp-json\/wp\/v2\/comments?post=234111"}],"version-history":[{"count":0,"href":"https:\/\/utelvt.edu.ec\/admision\/wp-json\/wp\/v2\/pages\/234111\/revisions"}],"wp:attachment":[{"href":"https:\/\/utelvt.edu.ec\/admision\/wp-json\/wp\/v2\/media?parent=234111"}],"curies":[{"name":"wp","href":"https:\/\/api.w.org\/{rel}","templated":true}]}}