{"id":10836,"date":"2024-05-23T23:16:20","date_gmt":"2024-05-24T04:16:20","guid":{"rendered":"https:\/\/utelvt.edu.ec\/admision\/?page_id=10836"},"modified":"2024-06-22T20:09:12","modified_gmt":"2024-06-23T01:09:12","slug":"facped","status":"publish","type":"page","link":"https:\/\/utelvt.edu.ec\/admision\/facped\/","title":{"rendered":"FACPED"},"content":{"rendered":"<p>[et_pb_section fb_built=\u00bb1&#8243; custom_padding_last_edited=\u00bboff|desktop\u00bb admin_label=\u00bbHero\u00bb _builder_version=\u00bb4.16&#8243; background_color=\u00bb#f8f7fc\u00bb background_color_gradient_direction=\u00bb60deg\u00bb custom_padding=\u00bb100px|0px|22px|||\u00bb global_colors_info=\u00bb{}\u00bb][et_pb_row _builder_version=\u00bb4.16&#8243; custom_padding=\u00bb|||\u00bb global_colors_info=\u00bb{}\u00bb][et_pb_column type=\u00bb4_4&#8243; _builder_version=\u00bb4.16&#8243; custom_padding=\u00bb|||\u00bb global_colors_info=\u00bb{}\u00bb custom_padding__hover=\u00bb|||\u00bb][et_pb_text _builder_version=\u00bb4.25.1&#8243; text_font=\u00bbRoboto|600|||||||\u00bb text_font_size=\u00bb16px\u00bb text_line_height=\u00bb1.8em\u00bb header_font=\u00bbRoboto||||||||\u00bb header_2_font=\u00bbPoppins||||||||\u00bb header_2_font_size=\u00bb36px\u00bb header_2_line_height=\u00bb1.4em\u00bb text_orientation=\u00bbcenter\u00bb max_width=\u00bb700px\u00bb module_alignment=\u00bbcenter\u00bb global_colors_info=\u00bb{}\u00bb]<\/p>\n<h2><strong>FACPED<\/strong><\/h2>\n<p>Facultad de Pedagog\u00eda<\/p>\n<p>[\/et_pb_text][\/et_pb_column][\/et_pb_row][et_pb_row column_structure=\u00bb1_2,1_2&#8243; _builder_version=\u00bb4.16&#8243; custom_padding=\u00bb|||\u00bb global_colors_info=\u00bb{}\u00bb][et_pb_column type=\u00bb1_2&#8243; _builder_version=\u00bb4.16&#8243; custom_padding=\u00bb|||\u00bb global_colors_info=\u00bb{}\u00bb custom_padding__hover=\u00bb|||\u00bb][et_pb_accordion _builder_version=\u00bb4.25.2&#8243; _module_preset=\u00bbdefault\u00bb toggle_font=\u00bbRoboto||||||||\u00bb body_font=\u00bbRoboto||||||||\u00bb border_radii=\u00bbon|20px|20px|20px|20px\u00bb global_colors_info=\u00bb{}\u00bb][et_pb_accordion_item title=\u00bbMisi\u00f3n\u00bb open=\u00bbon\u00bb _builder_version=\u00bb4.25.1&#8243; _module_preset=\u00bbdefault\u00bb global_colors_info=\u00bb{}\u00bb]<\/p>\n<p><span>Formaci\u00f3n integral de profesionales de la educaci\u00f3n: cr\u00edticos, propositivos y humanistas, mediante un proceso educativo actual, articulado entre la docencia, la investigaci\u00f3n y la vinculaci\u00f3n con la sociedad, para el desarrollo sostenible de la sociedad, basados en la construcci\u00f3n adecuada de la cultura universal y ancestral ecuatoriana, la ciencia y la tecnolog\u00eda.<\/span><\/p>\n<p>[\/et_pb_accordion_item][\/et_pb_accordion][\/et_pb_column][et_pb_column type=\u00bb1_2&#8243; _builder_version=\u00bb4.16&#8243; custom_padding=\u00bb|||\u00bb global_colors_info=\u00bb{}\u00bb custom_padding__hover=\u00bb|||\u00bb][et_pb_accordion _builder_version=\u00bb4.25.2&#8243; _module_preset=\u00bbdefault\u00bb toggle_font=\u00bbRoboto||||||||\u00bb body_font=\u00bbRoboto||||||||\u00bb border_radii=\u00bbon|20px|20px|20px|20px\u00bb global_colors_info=\u00bb{}\u00bb][et_pb_accordion_item title=\u00bbVisi\u00f3n\u00bb open=\u00bbon\u00bb _builder_version=\u00bb4.25.1&#8243; _module_preset=\u00bbdefault\u00bb global_colors_info=\u00bb{}\u00bb]<\/p>\n<p><span>Ser un referente de formaci\u00f3n pedag\u00f3gica integral a nivel nacional e internacional de excelencia acad\u00e9mica, cient\u00edfica, tecnol\u00f3gica y cultural, que incide positivamente en el desarrollo equitativo e integral de la sociedad.<\/span><\/p>\n<p>[\/et_pb_accordion_item][\/et_pb_accordion][\/et_pb_column][\/et_pb_row][\/et_pb_section][et_pb_section fb_built=\u00bb1&#8243; admin_label=\u00bbContact form field\u00bb _builder_version=\u00bb4.16&#8243; background_color=\u00bb#f8f7fc\u00bb custom_margin=\u00bb-3px|||||\u00bb custom_padding=\u00bb1px||100px|||\u00bb global_colors_info=\u00bb{}\u00bb][et_pb_row _builder_version=\u00bb4.25.1&#8243; _module_preset=\u00bbdefault\u00bb global_colors_info=\u00bb{}\u00bb][et_pb_column type=\u00bb4_4&#8243; _builder_version=\u00bb4.25.1&#8243; _module_preset=\u00bbdefault\u00bb global_colors_info=\u00bb{}\u00bb][et_pb_text _builder_version=\u00bb4.25.1&#8243; text_font=\u00bbRoboto|600|||||||\u00bb text_font_size=\u00bb16px\u00bb text_line_height=\u00bb1.8em\u00bb header_font=\u00bbRoboto||||||||\u00bb header_2_font=\u00bbPoppins||||||||\u00bb header_2_font_size=\u00bb36px\u00bb header_2_line_height=\u00bb1.4em\u00bb text_orientation=\u00bbcenter\u00bb max_width=\u00bb700px\u00bb module_alignment=\u00bbcenter\u00bb global_colors_info=\u00bb{}\u00bb]<\/p>\n<h2><strong>Nuestras Carreras<\/strong><\/h2>\n<p>[\/et_pb_text][dsm_image_accordion _builder_version=\u00bb4.25.2&#8243; _module_preset=\u00bbdefault\u00bb hover_enabled=\u00bb0&#8243; global_colors_info=\u00bb{}\u00bb sticky_enabled=\u00bb0&#8243;][dsm_image_accordion_child image_accordion_src=\u00bbhttps:\/\/blogger.googleusercontent.com\/img\/b\/R29vZ2xl\/AVvXsEi7FGMdQxqcCNNQn-TWq90r4ZQCB60i4XjwLP1NZpEHIfoKwiu1KvZYarSzaTNVQkE99LOwm9__hEbkuFdeocQHV-TG8bCMC3W538py-xFJ3B3vS5cXKceiZ61WGPpUGLPFTbSoLJGyEv065KTlxbC13gZjv7XLknMoHkMGBy7rNu1zBuPoFW0R77ZIMhSM\/s1800\/Basica%201.jpg\u00bb image_accordion_title=\u00bbEDUCACI\u00d3N INICIAL\u00bb show_ia_button=\u00bbon\u00bb ia_button_text=\u00bbVer m\u00e1s\u00bb ia_button_link=\u00bbhttps:\/\/www.utelvt.edu.ec\/site\/facultades\/facultad-de-pedagogia\/educacion-inicial\/\u00bb ia_button_link_target=\u00bb1&#8243; _builder_version=\u00bb4.25.2&#8243; _module_preset=\u00bbdefault\u00bb title_font=\u00bb&#8211;et_global_body_font|900|||||||\u00bb custom_button=\u00bbon\u00bb button_text_color=\u00bb#FFFFFF\u00bb button_bg_color=\u00bb#009029&#8243; button_border_width=\u00bb0px\u00bb button_border_radius=\u00bb100px\u00bb button_icon=\u00bb&#xf054;||fa||900&#8243; button_on_hover=\u00bbon\u00bb button_alignment=\u00bbcenter\u00bb hover_enabled=\u00bb0&#8243; global_colors_info=\u00bb{}\u00bb button_bg_color__hover_enabled=\u00bbon|hover\u00bb button_bg_color__hover=\u00bb#ff0000&#8243; button_bg_enable_color__hover=\u00bbon\u00bb overlay_color__hover_enabled=\u00bbon|hover\u00bb overlay_color__hover=\u00bbrgba(0,0,0,0.7)\u00bb sticky_enabled=\u00bb0&#8243;][\/dsm_image_accordion_child][dsm_image_accordion_child image_accordion_src=\u00bbhttps:\/\/blogger.googleusercontent.com\/img\/b\/R29vZ2xl\/AVvXsEhdk6fVu2pRi31VaMjpJdOTaPMrTSikybQl_c4zQpHIp2hJA__dC3odAO9_3fwRrAGhyphenhyphen2GaK7AHPjl9Xc60cK1JFMC-7xjJErrspX2RtrUJ4vqX6_gX28xUUoU4_wZGP6L66MKr2lWvdSk-_EpnTA0lJM8pvtt_M9Jx0PR92zUqrS7Fg0LP82Qx4zQJByFq\/s1800\/Inicial.jpg\u00bb image_accordion_title=\u00bbEDUCACI\u00d3N B\u00c1SICA\u00bb show_ia_button=\u00bbon\u00bb ia_button_text=\u00bbVer m\u00e1s\u00bb ia_button_link=\u00bbhttps:\/\/www.utelvt.edu.ec\/site\/facultades\/facultad-de-pedagogia\/educacion-basica\/\u00bb ia_button_link_target=\u00bb1&#8243; overlay_color=\u00bbRGBA(255,255,255,0)\u00bb _builder_version=\u00bb4.25.2&#8243; _module_preset=\u00bbdefault\u00bb title_font=\u00bb&#8211;et_global_body_font|900|||||||\u00bb custom_button=\u00bbon\u00bb button_text_color=\u00bb#FFFFFF\u00bb button_bg_color=\u00bb#009029&#8243; button_border_width=\u00bb0px\u00bb button_border_radius=\u00bb100px\u00bb button_icon=\u00bb&#xf054;||fa||900&#8243; button_on_hover=\u00bbon\u00bb button_alignment=\u00bbcenter\u00bb hover_enabled=\u00bb0&#8243; global_colors_info=\u00bb{}\u00bb button_bg_color__hover_enabled=\u00bbon|hover\u00bb button_bg_color__hover=\u00bb#ff0000&#8243; button_bg_enable_color__hover=\u00bbon\u00bb overlay_color__hover_enabled=\u00bbon|hover\u00bb overlay_color__hover=\u00bbrgba(0,0,0,0.7)\u00bb sticky_enabled=\u00bb0&#8243;][\/dsm_image_accordion_child][dsm_image_accordion_child image_accordion_src=\u00bbhttps:\/\/blogger.googleusercontent.com\/img\/b\/R29vZ2xl\/AVvXsEg-RIL1kfxMwl1DDXxFSL2Fapbkiv5xTr0DaEwuoJPUMwEuSHpAZBsJXqhywU5inirux4ZjDODL98JAVeQIbSv5Bm2ROAU854TBpRKDijmwJJRHaJ3tzQ7pOq4eDD5e3rhKHGCQQ2LvyHXcGMl0ruq0GCYAWvPWJkTygd3TH9nzCLA8sLk09_M3iGS7Kx64\/s1800\/Quimica.jpg\u00bb image_accordion_title=\u00bbPEDAGOG\u00cdA DE LAS CIENCIAS EXPERIMENTALES DE LA QU\u00cdMICA Y BIOLOG\u00cdA\u00bb show_ia_button=\u00bbon\u00bb ia_button_text=\u00bbVer m\u00e1s\u00bb ia_button_link=\u00bbhttps:\/\/www.utelvt.edu.ec\/site\/facultades\/facultad-de-pedagogia\/pedagogia-de-las-ciencias-experimentales-de-la-quimica-y-biologia\/\u00bb ia_button_link_target=\u00bb1&#8243; _builder_version=\u00bb4.25.2&#8243; _module_preset=\u00bbdefault\u00bb title_font=\u00bb&#8211;et_global_body_font|900|||||||\u00bb custom_button=\u00bbon\u00bb button_text_color=\u00bb#FFFFFF\u00bb button_bg_color=\u00bb#009029&#8243; button_border_width=\u00bb0px\u00bb button_border_radius=\u00bb100px\u00bb button_icon=\u00bb&#xf054;||fa||900&#8243; button_on_hover=\u00bbon\u00bb button_alignment=\u00bbcenter\u00bb hover_enabled=\u00bb0&#8243; global_colors_info=\u00bb{}\u00bb button_bg_color__hover_enabled=\u00bbon|hover\u00bb button_bg_color__hover=\u00bb#ff0000&#8243; button_bg_enable_color__hover=\u00bbon\u00bb overlay_color__hover_enabled=\u00bbon|hover\u00bb overlay_color__hover=\u00bbrgba(0,0,0,0.7)\u00bb sticky_enabled=\u00bb0&#8243;][\/dsm_image_accordion_child][dsm_image_accordion_child image_accordion_src=\u00bbhttps:\/\/blogger.googleusercontent.com\/img\/b\/R29vZ2xl\/AVvXsEhklWJxBZFLEWGiYACpR1BL_alcY_FjrWjHvhPUBkzALPuUahC0l8L_O9EVtuHG4v1ZgJ2J_OqQ6iRtlBZ4XUcgFU5PWR9Fct7SBay29_fpx_Zajun6jLyfD1uzbvBh5-DqiYSlqjlasw-fpfM6kK6umbg3YSsBWEYzCDDrlBsOYOfPgxJg3WW3w8GxI2FX\/s1800\/Matematica.jpg\u00bb image_accordion_title=\u00bbPEDAGOG\u00cdA DE LAS CIENCIAS EXPERIMENTALES DE LAS MATEM\u00c1TICAS Y LA F\u00cdSICA\u00bb show_ia_button=\u00bbon\u00bb ia_button_text=\u00bbVer m\u00e1s\u00bb ia_button_link=\u00bbhttps:\/\/www.utelvt.edu.ec\/site\/facultades\/facultad-de-pedagogia\/pedagogia-de-las-ciencias-experimentales-de-las-matematicas-y-la-fisica\/\u00bb ia_button_link_target=\u00bb1&#8243; _builder_version=\u00bb4.25.2&#8243; _module_preset=\u00bbdefault\u00bb title_font=\u00bb&#8211;et_global_body_font|900|||||||\u00bb custom_button=\u00bbon\u00bb button_text_color=\u00bb#FFFFFF\u00bb button_bg_color=\u00bb#009029&#8243; button_border_width=\u00bb0px\u00bb button_border_radius=\u00bb100px\u00bb button_icon=\u00bb&#xf054;||fa||900&#8243; button_on_hover=\u00bbon\u00bb button_alignment=\u00bbcenter\u00bb hover_enabled=\u00bb0&#8243; global_colors_info=\u00bb{}\u00bb button_bg_color__hover_enabled=\u00bbon|hover\u00bb button_bg_color__hover=\u00bb#ff0000&#8243; button_bg_enable_color__hover=\u00bbon\u00bb overlay_color__hover_enabled=\u00bbon|hover\u00bb overlay_color__hover=\u00bbrgba(0,0,0,0.7)\u00bb sticky_enabled=\u00bb0&#8243;][\/dsm_image_accordion_child][dsm_image_accordion_child image_accordion_src=\u00bbhttps:\/\/blogger.googleusercontent.com\/img\/b\/R29vZ2xl\/AVvXsEgcEUe2K1SnU_ulv3Wq-76lfYG_SpzJ0f05L4d1uZJW8Am5kvTdr5sD-LZs9QI8BC5tXwX0pj10Skypz8vq7Ptp5JcYmonkUmfv_R8xJ5vhQX9QSAuT1Ntkvzj1g-HRMAPyNSr-b_cDTjUtDLviFA4sU-3KH7qypYPAMNf1ZEX5suaMel0KWwK_gWX0hWJx\/s1800\/Deporte.jpg\u00bb image_accordion_title=\u00bbPEDAGOG\u00cdA DE LA ACTIVIDAD F\u00cdSICA Y DEPORTE\u00bb show_ia_button=\u00bbon\u00bb ia_button_text=\u00bbVer m\u00e1s\u00bb ia_button_link=\u00bbhttps:\/\/www.utelvt.edu.ec\/site\/facultades\/facultad-de-pedagogia\/pedagogia-de-la-actividad-fisica-y-deporte\/\u00bb ia_button_link_target=\u00bb1&#8243; _builder_version=\u00bb4.25.2&#8243; _module_preset=\u00bbdefault\u00bb title_font=\u00bb&#8211;et_global_body_font|900|||||||\u00bb custom_button=\u00bbon\u00bb button_text_color=\u00bb#FFFFFF\u00bb button_bg_color=\u00bb#009029&#8243; button_border_width=\u00bb0px\u00bb button_border_radius=\u00bb100px\u00bb button_icon=\u00bb&#xf054;||fa||900&#8243; button_on_hover=\u00bbon\u00bb button_alignment=\u00bbcenter\u00bb hover_enabled=\u00bb0&#8243; global_colors_info=\u00bb{}\u00bb button_bg_color__hover_enabled=\u00bbon|hover\u00bb button_bg_color__hover=\u00bb#ff0000&#8243; button_bg_enable_color__hover=\u00bbon\u00bb overlay_color__hover_enabled=\u00bbon|hover\u00bb overlay_color__hover=\u00bbrgba(0,0,0,0.7)\u00bb sticky_enabled=\u00bb0&#8243;][\/dsm_image_accordion_child][dsm_image_accordion_child image_accordion_src=\u00bbhttps:\/\/blogger.googleusercontent.com\/img\/b\/R29vZ2xl\/AVvXsEjIigFXPmBbeyBEo4pRsaCyybEWgHSvYNOQD0bjhNj0Ccqt_lgewksXWRKkpykj4YEjiioCHSQDZChMnxzAFJ-y3-HKGA1SwuKtsfZ8mSE5-mG_8FeD-dOQpZbrwpzAMVTT0BEMntV0P9jXMds6JhFqFzMOCCmakkLnjY-xiZy56eIwUs2RpDR0_s30Fm4i\/s1800\/Basica.jpg\u00bb image_accordion_title=\u00bbPEDAGOG\u00cdA DE LA LENGUA Y LITERATURA\u00bb show_ia_button=\u00bbon\u00bb ia_button_text=\u00bbVer m\u00e1s\u00bb ia_button_link=\u00bbhttps:\/\/www.utelvt.edu.ec\/site\/facultades\/facultad-de-pedagogia\/pedagogia-de-la-lengua-y-literatuca\/\u00bb ia_button_link_target=\u00bb1&#8243; _builder_version=\u00bb4.25.2&#8243; _module_preset=\u00bbdefault\u00bb title_font=\u00bb&#8211;et_global_body_font|900|||||||\u00bb custom_button=\u00bbon\u00bb button_text_color=\u00bb#FFFFFF\u00bb button_bg_color=\u00bb#009029&#8243; button_border_width=\u00bb0px\u00bb button_border_radius=\u00bb100px\u00bb button_icon=\u00bb&#xf054;||fa||900&#8243; button_on_hover=\u00bbon\u00bb button_alignment=\u00bbcenter\u00bb hover_enabled=\u00bb0&#8243; global_colors_info=\u00bb{}\u00bb button_bg_color__hover_enabled=\u00bbon|hover\u00bb button_bg_color__hover=\u00bb#ff0000&#8243; button_bg_enable_color__hover=\u00bbon\u00bb overlay_color__hover_enabled=\u00bbon|hover\u00bb overlay_color__hover=\u00bbrgba(0,0,0,0.7)\u00bb sticky_enabled=\u00bb0&#8243;][\/dsm_image_accordion_child][\/dsm_image_accordion][\/et_pb_column][\/et_pb_row][\/et_pb_section]<\/p>\n","protected":false},"excerpt":{"rendered":"<p>FACPED Facultad de Pedagog\u00edaFormaci\u00f3n integral de profesionales de la educaci\u00f3n: cr\u00edticos, propositivos y humanistas, mediante un proceso educativo actual, articulado entre la docencia, la investigaci\u00f3n y la vinculaci\u00f3n con la sociedad, para el desarrollo sostenible de la sociedad, basados en la construcci\u00f3n adecuada de la cultura universal y ancestral ecuatoriana, la ciencia y la tecnolog\u00eda.Ser [&hellip;]<\/p>\n","protected":false},"author":9,"featured_media":0,"parent":0,"menu_order":0,"comment_status":"closed","ping_status":"closed","template":"","meta":{"_et_pb_use_builder":"on","_et_pb_old_content":"","_et_gb_content_width":"","footnotes":""},"class_list":["post-10836","page","type-page","status-publish","hentry"],"_links":{"self":[{"href":"https:\/\/utelvt.edu.ec\/admision\/wp-json\/wp\/v2\/pages\/10836","targetHints":{"allow":["GET"]}}],"collection":[{"href":"https:\/\/utelvt.edu.ec\/admision\/wp-json\/wp\/v2\/pages"}],"about":[{"href":"https:\/\/utelvt.edu.ec\/admision\/wp-json\/wp\/v2\/types\/page"}],"author":[{"embeddable":true,"href":"https:\/\/utelvt.edu.ec\/admision\/wp-json\/wp\/v2\/users\/9"}],"replies":[{"embeddable":true,"href":"https:\/\/utelvt.edu.ec\/admision\/wp-json\/wp\/v2\/comments?post=10836"}],"version-history":[{"count":2,"href":"https:\/\/utelvt.edu.ec\/admision\/wp-json\/wp\/v2\/pages\/10836\/revisions"}],"predecessor-version":[{"id":235361,"href":"https:\/\/utelvt.edu.ec\/admision\/wp-json\/wp\/v2\/pages\/10836\/revisions\/235361"}],"wp:attachment":[{"href":"https:\/\/utelvt.edu.ec\/admision\/wp-json\/wp\/v2\/media?parent=10836"}],"curies":[{"name":"wp","href":"https:\/\/api.w.org\/{rel}","templated":true}]}}