{"id":10835,"date":"2024-05-23T23:16:20","date_gmt":"2024-05-24T04:16:20","guid":{"rendered":"https:\/\/utelvt.edu.ec\/admision\/?page_id=10835"},"modified":"2024-06-22T19:54:48","modified_gmt":"2024-06-23T00:54:48","slug":"facap","status":"publish","type":"page","link":"https:\/\/utelvt.edu.ec\/admision\/facap\/","title":{"rendered":"FACAP"},"content":{"rendered":"<p>[et_pb_section fb_built=\u00bb1&#8243; custom_padding_last_edited=\u00bboff|desktop\u00bb admin_label=\u00bbHero\u00bb _builder_version=\u00bb4.16&#8243; background_color=\u00bb#f8f7fc\u00bb background_color_gradient_direction=\u00bb60deg\u00bb custom_padding=\u00bb100px|0px|22px|||\u00bb global_colors_info=\u00bb{}\u00bb][et_pb_row _builder_version=\u00bb4.16&#8243; custom_padding=\u00bb|||\u00bb global_colors_info=\u00bb{}\u00bb][et_pb_column type=\u00bb4_4&#8243; _builder_version=\u00bb4.16&#8243; custom_padding=\u00bb|||\u00bb global_colors_info=\u00bb{}\u00bb custom_padding__hover=\u00bb|||\u00bb][et_pb_text _builder_version=\u00bb4.25.1&#8243; text_font=\u00bbRoboto|600|||||||\u00bb text_font_size=\u00bb16px\u00bb text_line_height=\u00bb1.8em\u00bb header_font=\u00bbRoboto||||||||\u00bb header_2_font=\u00bbPoppins||||||||\u00bb header_2_font_size=\u00bb36px\u00bb header_2_line_height=\u00bb1.4em\u00bb text_orientation=\u00bbcenter\u00bb max_width=\u00bb700px\u00bb module_alignment=\u00bbcenter\u00bb global_colors_info=\u00bb{}\u00bb]<\/p>\n<h2><strong>FACAP<\/strong><\/h2>\n<p>Facultad de Ciencias Agropecuarias<\/p>\n<p>[\/et_pb_text][\/et_pb_column][\/et_pb_row][et_pb_row column_structure=\u00bb1_2,1_2&#8243; _builder_version=\u00bb4.16&#8243; custom_padding=\u00bb|||\u00bb global_colors_info=\u00bb{}\u00bb][et_pb_column type=\u00bb1_2&#8243; _builder_version=\u00bb4.16&#8243; custom_padding=\u00bb|||\u00bb global_colors_info=\u00bb{}\u00bb custom_padding__hover=\u00bb|||\u00bb][et_pb_accordion _builder_version=\u00bb4.25.2&#8243; _module_preset=\u00bbdefault\u00bb toggle_font=\u00bbRoboto||||||||\u00bb body_font=\u00bbRoboto||||||||\u00bb border_radii=\u00bbon|20px|20px|20px|20px\u00bb global_colors_info=\u00bb{}\u00bb][et_pb_accordion_item title=\u00bbMisi\u00f3n\u00bb open=\u00bbon\u00bb _builder_version=\u00bb4.25.1&#8243; _module_preset=\u00bbdefault\u00bb global_colors_info=\u00bb{}\u00bb]<\/p>\n<p><span>Formar profesionales con conocimientos t\u00e9cnicos cient\u00edficos, valores \u00e9ticos y morales que exige el uso y el manejo sustentable de los recursos naturales, comprometidos con el mejoramiento de los sectores agropecuarios, forestal y ambiental, para aportar al bienestar y desarrollo.<\/span><\/p>\n<p>[\/et_pb_accordion_item][\/et_pb_accordion][\/et_pb_column][et_pb_column type=\u00bb1_2&#8243; _builder_version=\u00bb4.16&#8243; custom_padding=\u00bb|||\u00bb global_colors_info=\u00bb{}\u00bb custom_padding__hover=\u00bb|||\u00bb][et_pb_accordion _builder_version=\u00bb4.25.2&#8243; _module_preset=\u00bbdefault\u00bb toggle_font=\u00bbRoboto||||||||\u00bb body_font=\u00bbRoboto||||||||\u00bb border_radii=\u00bbon|20px|20px|20px|20px\u00bb global_colors_info=\u00bb{}\u00bb][et_pb_accordion_item title=\u00bbVisi\u00f3n\u00bb open=\u00bbon\u00bb _builder_version=\u00bb4.25.1&#8243; _module_preset=\u00bbdefault\u00bb global_colors_info=\u00bb{}\u00bb]<\/p>\n<p><span>Ser centro de alto nivel formativo de las ciencias agropecuarias, competitivo y referente de los procesos acad\u00e9micos, cient\u00edficos, tecnol\u00f3gico \u2013 productivos y de vinculaci\u00f3n con la comunidad, con autonom\u00eda y un presupuesto descentralizado, para aportar al desarrollo con el aprovechamiento sostenido de los recursos naturales de la provincia y el pa\u00eds.<\/span><\/p>\n<p>[\/et_pb_accordion_item][\/et_pb_accordion][\/et_pb_column][\/et_pb_row][\/et_pb_section][et_pb_section fb_built=\u00bb1&#8243; admin_label=\u00bbContact form field\u00bb _builder_version=\u00bb4.16&#8243; background_color=\u00bb#f8f7fc\u00bb custom_margin=\u00bb-3px|||||\u00bb custom_padding=\u00bb1px||100px|||\u00bb global_colors_info=\u00bb{}\u00bb][et_pb_row _builder_version=\u00bb4.25.1&#8243; _module_preset=\u00bbdefault\u00bb global_colors_info=\u00bb{}\u00bb][et_pb_column type=\u00bb4_4&#8243; _builder_version=\u00bb4.25.1&#8243; _module_preset=\u00bbdefault\u00bb global_colors_info=\u00bb{}\u00bb][et_pb_text _builder_version=\u00bb4.25.1&#8243; text_font=\u00bbRoboto|600|||||||\u00bb text_font_size=\u00bb16px\u00bb text_line_height=\u00bb1.8em\u00bb header_font=\u00bbRoboto||||||||\u00bb header_2_font=\u00bbPoppins||||||||\u00bb header_2_font_size=\u00bb36px\u00bb header_2_line_height=\u00bb1.4em\u00bb text_orientation=\u00bbcenter\u00bb max_width=\u00bb700px\u00bb module_alignment=\u00bbcenter\u00bb global_colors_info=\u00bb{}\u00bb]<\/p>\n<h2><strong>Nuestras Carreras<\/strong><\/h2>\n<p>[\/et_pb_text][dsm_image_accordion _builder_version=\u00bb4.25.2&#8243; _module_preset=\u00bbdefault\u00bb hover_enabled=\u00bb0&#8243; global_colors_info=\u00bb{}\u00bb sticky_enabled=\u00bb0&#8243;][dsm_image_accordion_child image_accordion_src=\u00bbhttps:\/\/blogger.googleusercontent.com\/img\/b\/R29vZ2xl\/AVvXsEhLlYTRtJ240llO2I5A3-0vSOmI12dwQdhWhyc5TgTsJ7EPNhl1bZFNwVOn2u7VCfFYv7UvgrT8hG35VbQkLoxq1hSIwKBCk77bCsSPfe70YvteAU8QBvWueKyyg0HN_DX8uKY21H1bk1ALykBJrGQ32SVcCXTKqxXOTONgCKz-OAH3nP6WKJwyXIB2PmA5\/s1800\/Forestal.jpg\u00bb image_accordion_title=\u00bbINGENIER\u00cdA FORESTAL\u00bb show_ia_button=\u00bbon\u00bb ia_button_text=\u00bbVer m\u00e1s\u00bb ia_button_link=\u00bbhttps:\/\/www.utelvt.edu.ec\/site\/ingenieria-forestal\/\u00bb ia_button_link_target=\u00bb1&#8243; overlay_color=\u00bbRGBA(255,255,255,0)\u00bb _builder_version=\u00bb4.25.2&#8243; _module_preset=\u00bbdefault\u00bb title_font=\u00bb&#8211;et_global_body_font|900|||||||\u00bb custom_button=\u00bbon\u00bb button_text_color=\u00bb#FFFFFF\u00bb button_bg_color=\u00bb#009029&#8243; button_border_width=\u00bb0px\u00bb button_border_radius=\u00bb100px\u00bb button_icon=\u00bb&#xf054;||fa||900&#8243; button_on_hover=\u00bbon\u00bb button_alignment=\u00bbcenter\u00bb global_colors_info=\u00bb{}\u00bb button_bg_color__hover_enabled=\u00bbon|hover\u00bb button_bg_color__hover=\u00bb#ff0000&#8243; button_bg_enable_color__hover=\u00bbon\u00bb overlay_color__hover_enabled=\u00bbon|hover\u00bb overlay_color__hover=\u00bbrgba(0,0,0,0.7)\u00bb][\/dsm_image_accordion_child][dsm_image_accordion_child image_accordion_src=\u00bbhttps:\/\/blogger.googleusercontent.com\/img\/b\/R29vZ2xl\/AVvXsEj0bCJy1h3NOBZBp6rROkY1RgZ1n_iJzKkuS0dSW6yCDDaqF_wBHEVCE5fpn_MqMQs7QKAyXSioAliq3bcAGuBsGXUQ3UMBOvTh1jIvV1Ij1jN2j-j0p0tgjlurGZCrHmOUmH8zm0e9u99Ru8VvxDzm4tJK7WhoGQiJw-YG5c3AFsHuWUJlx3HHfgasmcgp\/s1800\/Agronomia.jpg\u00bb image_accordion_title=\u00bbAGRONOM\u00cdA\u00bb show_ia_button=\u00bbon\u00bb ia_button_text=\u00bbVer m\u00e1s\u00bb ia_button_link=\u00bbhttps:\/\/www.utelvt.edu.ec\/site\/facultades\/ciencias-agropecuarias\/ingenieria-en-agronomia\/\u00bb ia_button_link_target=\u00bb1&#8243; _builder_version=\u00bb4.25.2&#8243; _module_preset=\u00bbdefault\u00bb title_font=\u00bb&#8211;et_global_body_font|900|||||||\u00bb custom_button=\u00bbon\u00bb button_text_color=\u00bb#FFFFFF\u00bb button_bg_color=\u00bb#009029&#8243; button_border_width=\u00bb0px\u00bb button_border_radius=\u00bb100px\u00bb button_icon=\u00bb&#xf054;||fa||900&#8243; button_on_hover=\u00bbon\u00bb button_alignment=\u00bbcenter\u00bb global_colors_info=\u00bb{}\u00bb button_bg_color__hover_enabled=\u00bbon|hover\u00bb button_bg_color__hover=\u00bb#ff0000&#8243; button_bg_enable_color__hover=\u00bbon\u00bb overlay_color__hover_enabled=\u00bbon|hover\u00bb overlay_color__hover=\u00bbrgba(0,0,0,0.7)\u00bb][\/dsm_image_accordion_child][dsm_image_accordion_child image_accordion_src=\u00bbhttps:\/\/blogger.googleusercontent.com\/img\/b\/R29vZ2xl\/AVvXsEjgCiSbwVTfmVjDFqHWsrtE4iCpcbOwyzkifSRXy69P2inourPYBulmR2Q6hD-qb0nhnUE3agUvd-FYwRBaK4g_odUhv8O4WZqAGJq1XK6fU5k5cYOdGDccunblB_IEiTjOkm45TJQLWzVAFxE_vmrm-wQGVhppbwQCkUSvDGQi7E3bhfAm_VJpsl1dqB3z\/s1800\/Zootecnia.jpg\u00bb image_accordion_title=\u00bbZOOTECNIA\u00bb show_ia_button=\u00bbon\u00bb ia_button_text=\u00bbVer m\u00e1s\u00bb ia_button_link=\u00bbhttps:\/\/www.utelvt.edu.ec\/site\/facultades\/ciencias-agropecuarias\/ingenieria-en-zootecnia\/\u00bb ia_button_link_target=\u00bb1&#8243; _builder_version=\u00bb4.25.2&#8243; _module_preset=\u00bbdefault\u00bb title_font=\u00bb&#8211;et_global_body_font|900|||||||\u00bb custom_button=\u00bbon\u00bb button_text_color=\u00bb#FFFFFF\u00bb button_bg_color=\u00bb#009029&#8243; button_border_width=\u00bb0px\u00bb button_border_radius=\u00bb100px\u00bb button_icon=\u00bb&#xf054;||fa||900&#8243; button_on_hover=\u00bbon\u00bb button_alignment=\u00bbcenter\u00bb hover_enabled=\u00bb0&#8243; global_colors_info=\u00bb{}\u00bb button_bg_color__hover_enabled=\u00bbon|hover\u00bb button_bg_color__hover=\u00bb#ff0000&#8243; button_bg_enable_color__hover=\u00bbon\u00bb overlay_color__hover_enabled=\u00bbon|hover\u00bb overlay_color__hover=\u00bbrgba(0,0,0,0.7)\u00bb sticky_enabled=\u00bb0&#8243;][\/dsm_image_accordion_child][\/dsm_image_accordion][\/et_pb_column][\/et_pb_row][\/et_pb_section]<\/p>\n","protected":false},"excerpt":{"rendered":"<p>FACAP Facultad de Ciencias AgropecuariasFormar profesionales con conocimientos t\u00e9cnicos cient\u00edficos, valores \u00e9ticos y morales que exige el uso y el manejo sustentable de los recursos naturales, comprometidos con el mejoramiento de los sectores agropecuarios, forestal y ambiental, para aportar al bienestar y desarrollo.Ser centro de alto nivel formativo de las ciencias agropecuarias, competitivo y referente [&hellip;]<\/p>\n","protected":false},"author":9,"featured_media":0,"parent":0,"menu_order":0,"comment_status":"closed","ping_status":"closed","template":"","meta":{"_et_pb_use_builder":"on","_et_pb_old_content":"","_et_gb_content_width":"","footnotes":""},"class_list":["post-10835","page","type-page","status-publish","hentry"],"_links":{"self":[{"href":"https:\/\/utelvt.edu.ec\/admision\/wp-json\/wp\/v2\/pages\/10835","targetHints":{"allow":["GET"]}}],"collection":[{"href":"https:\/\/utelvt.edu.ec\/admision\/wp-json\/wp\/v2\/pages"}],"about":[{"href":"https:\/\/utelvt.edu.ec\/admision\/wp-json\/wp\/v2\/types\/page"}],"author":[{"embeddable":true,"href":"https:\/\/utelvt.edu.ec\/admision\/wp-json\/wp\/v2\/users\/9"}],"replies":[{"embeddable":true,"href":"https:\/\/utelvt.edu.ec\/admision\/wp-json\/wp\/v2\/comments?post=10835"}],"version-history":[{"count":4,"href":"https:\/\/utelvt.edu.ec\/admision\/wp-json\/wp\/v2\/pages\/10835\/revisions"}],"predecessor-version":[{"id":235360,"href":"https:\/\/utelvt.edu.ec\/admision\/wp-json\/wp\/v2\/pages\/10835\/revisions\/235360"}],"wp:attachment":[{"href":"https:\/\/utelvt.edu.ec\/admision\/wp-json\/wp\/v2\/media?parent=10835"}],"curies":[{"name":"wp","href":"https:\/\/api.w.org\/{rel}","templated":true}]}}