{"id":10833,"date":"2024-05-23T23:16:20","date_gmt":"2024-05-24T04:16:20","guid":{"rendered":"https:\/\/utelvt.edu.ec\/admision\/?page_id=10833"},"modified":"2024-06-22T20:25:02","modified_gmt":"2024-06-23T01:25:02","slug":"facae","status":"publish","type":"page","link":"https:\/\/utelvt.edu.ec\/admision\/facae\/","title":{"rendered":"FACAE"},"content":{"rendered":"<p>[et_pb_section fb_built=\u00bb1&#8243; custom_padding_last_edited=\u00bboff|desktop\u00bb admin_label=\u00bbHero\u00bb _builder_version=\u00bb4.16&#8243; background_color=\u00bb#f8f7fc\u00bb background_color_gradient_direction=\u00bb60deg\u00bb custom_padding=\u00bb100px|0px|22px|||\u00bb global_colors_info=\u00bb{}\u00bb][et_pb_row _builder_version=\u00bb4.16&#8243; custom_padding=\u00bb|||\u00bb global_colors_info=\u00bb{}\u00bb][et_pb_column type=\u00bb4_4&#8243; _builder_version=\u00bb4.16&#8243; custom_padding=\u00bb|||\u00bb global_colors_info=\u00bb{}\u00bb custom_padding__hover=\u00bb|||\u00bb][et_pb_text _builder_version=\u00bb4.25.1&#8243; text_font=\u00bbRoboto|600|||||||\u00bb text_font_size=\u00bb16px\u00bb text_line_height=\u00bb1.8em\u00bb header_font=\u00bbRoboto||||||||\u00bb header_2_font=\u00bbPoppins||||||||\u00bb header_2_font_size=\u00bb36px\u00bb header_2_line_height=\u00bb1.4em\u00bb text_orientation=\u00bbcenter\u00bb max_width=\u00bb700px\u00bb module_alignment=\u00bbcenter\u00bb global_colors_info=\u00bb{}\u00bb]<\/p>\n<h2><strong>FACAE<\/strong><\/h2>\n<p>Facultad de Ciencias Administraivas y Econ\u00f3micas<\/p>\n<p>[\/et_pb_text][\/et_pb_column][\/et_pb_row][et_pb_row column_structure=\u00bb1_2,1_2&#8243; _builder_version=\u00bb4.16&#8243; custom_padding=\u00bb|||\u00bb global_colors_info=\u00bb{}\u00bb][et_pb_column type=\u00bb1_2&#8243; _builder_version=\u00bb4.16&#8243; custom_padding=\u00bb|||\u00bb global_colors_info=\u00bb{}\u00bb custom_padding__hover=\u00bb|||\u00bb][et_pb_accordion _builder_version=\u00bb4.25.2&#8243; _module_preset=\u00bbdefault\u00bb toggle_font=\u00bbRoboto||||||||\u00bb body_font=\u00bbRoboto||||||||\u00bb border_radii=\u00bbon|20px|20px|20px|20px\u00bb global_colors_info=\u00bb{}\u00bb][et_pb_accordion_item title=\u00bbMisi\u00f3n\u00bb open=\u00bbon\u00bb _builder_version=\u00bb4.25.1&#8243; _module_preset=\u00bbdefault\u00bb global_colors_info=\u00bb{}\u00bb]<\/p>\n<p><span>Combinar la formaci\u00f3n de l\u00edderes de alto desempe\u00f1o t\u00e9cnico, la ejecuci\u00f3n de proyectos de investigaci\u00f3n y la prestaci\u00f3n de servicios, en una gesti\u00f3n orientada al desarrollo de procesos y tecnolog\u00edas que satisfagan las necesidades del contexto socio-econ\u00f3mico de la provincia y del pa\u00eds y sus proyecciones futuras, en t\u00e9rminos de producci\u00f3n, calidad y productividad.<\/span><\/p>\n<p>[\/et_pb_accordion_item][\/et_pb_accordion][\/et_pb_column][et_pb_column type=\u00bb1_2&#8243; _builder_version=\u00bb4.16&#8243; custom_padding=\u00bb|||\u00bb global_colors_info=\u00bb{}\u00bb custom_padding__hover=\u00bb|||\u00bb][et_pb_accordion _builder_version=\u00bb4.25.2&#8243; _module_preset=\u00bbdefault\u00bb toggle_font=\u00bbRoboto||||||||\u00bb body_font=\u00bbRoboto||||||||\u00bb border_radii=\u00bbon|20px|20px|20px|20px\u00bb global_colors_info=\u00bb{}\u00bb][et_pb_accordion_item title=\u00bbVisi\u00f3n\u00bb open=\u00bbon\u00bb _builder_version=\u00bb4.25.1&#8243; _module_preset=\u00bbdefault\u00bb global_colors_info=\u00bb{}\u00bb]<\/p>\n<p><span>Ser una facultad referente en el aprendizaje de las ciencias administrativas y econ\u00f3micas; ampliado y diversificando nuestra oferta educativa de acuerdo a las exigencias de los procesos productivos y sociales y logrando una formaci\u00f3n integral de calidad.<\/span><\/p>\n<p>[\/et_pb_accordion_item][\/et_pb_accordion][\/et_pb_column][\/et_pb_row][\/et_pb_section][et_pb_section fb_built=\u00bb1&#8243; admin_label=\u00bbContact form field\u00bb _builder_version=\u00bb4.16&#8243; background_color=\u00bb#f8f7fc\u00bb custom_margin=\u00bb-3px|||||\u00bb custom_padding=\u00bb1px||100px|||\u00bb global_colors_info=\u00bb{}\u00bb][et_pb_row _builder_version=\u00bb4.25.1&#8243; _module_preset=\u00bbdefault\u00bb global_colors_info=\u00bb{}\u00bb][et_pb_column type=\u00bb4_4&#8243; _builder_version=\u00bb4.25.1&#8243; _module_preset=\u00bbdefault\u00bb global_colors_info=\u00bb{}\u00bb][et_pb_text _builder_version=\u00bb4.25.1&#8243; text_font=\u00bbRoboto|600|||||||\u00bb text_font_size=\u00bb16px\u00bb text_line_height=\u00bb1.8em\u00bb header_font=\u00bbRoboto||||||||\u00bb header_2_font=\u00bbPoppins||||||||\u00bb header_2_font_size=\u00bb36px\u00bb header_2_line_height=\u00bb1.4em\u00bb text_orientation=\u00bbcenter\u00bb max_width=\u00bb700px\u00bb module_alignment=\u00bbcenter\u00bb global_colors_info=\u00bb{}\u00bb]<\/p>\n<h2><strong>Nuestras Carreras<\/strong><\/h2>\n<p>[\/et_pb_text][dsm_image_accordion _builder_version=\u00bb4.25.2&#8243; _module_preset=\u00bbdefault\u00bb hover_enabled=\u00bb0&#8243; global_colors_info=\u00bb{}\u00bb sticky_enabled=\u00bb0&#8243;][dsm_image_accordion_child image_accordion_src=\u00bbhttps:\/\/blogger.googleusercontent.com\/img\/b\/R29vZ2xl\/AVvXsEjDoU2WSCdFUHP6ZclO3OBY1tNafcV3sW60eJ35WpOPiuO7ZCEJwcpO6vGLorSaZCOzTQpWxYGm7pN9pBuW8ZMooio6juaA4N-5Bt_kQ4YZr40pW7NsPYg7fo7vD1UfYGRXUijWbLPPVz9mUmpUQfa3L73NK1jCHcnH99gYh751VQQFP69DWWMjmVJTim-8\/s1800\/Administraci%C3%B3n.jpg\u00bb image_accordion_title=\u00bbADMINISTRACI\u00d3N DE EMPRESAS\u00bb show_ia_button=\u00bbon\u00bb ia_button_text=\u00bbVer m\u00e1s\u00bb ia_button_link=\u00bbhttps:\/\/www.utelvt.edu.ec\/site\/facultades\/ciencias-administrativas-y-economicas\/administracion-de-empresas\/\u00bb ia_button_link_target=\u00bb1&#8243; overlay_color=\u00bbRGBA(255,255,255,0)\u00bb _builder_version=\u00bb4.25.2&#8243; _module_preset=\u00bbdefault\u00bb title_font=\u00bb&#8211;et_global_body_font|900|||||||\u00bb custom_button=\u00bbon\u00bb button_text_color=\u00bb#FFFFFF\u00bb button_bg_color=\u00bb#009029&#8243; button_border_width=\u00bb0px\u00bb button_border_radius=\u00bb100px\u00bb button_icon=\u00bb&#xf054;||fa||900&#8243; button_on_hover=\u00bbon\u00bb button_alignment=\u00bbcenter\u00bb hover_enabled=\u00bb0&#8243; global_colors_info=\u00bb{}\u00bb button_bg_color__hover_enabled=\u00bbon|hover\u00bb button_bg_color__hover=\u00bb#ff0000&#8243; button_bg_enable_color__hover=\u00bbon\u00bb overlay_color__hover_enabled=\u00bbon|hover\u00bb overlay_color__hover=\u00bbrgba(0,0,0,0.7)\u00bb sticky_enabled=\u00bb0&#8243;][\/dsm_image_accordion_child][dsm_image_accordion_child image_accordion_src=\u00bbhttps:\/\/blogger.googleusercontent.com\/img\/b\/R29vZ2xl\/AVvXsEgSDFOyQ0vGVnLeLzFyDAeLZb5ro5x8cp4NxOvCFTdd_YifInZp_-yHEnt49vp7WJLQNncJs3P-KwSHbfW-o8dOiZk2-XqBiFHPPv8l5Fa6H9eIgdWb8JTMV8z1I5_HYHmlAKqPfowucs23MlcLo0mVWJP1bkBjKY0IPds2z8XzAHsPpFJw2beW7_exZrf4\/s1800\/Contabilidad.jpg\u00bb image_accordion_title=\u00bbCONTABILIDAD Y AUDITOR\u00cdA\u00bb show_ia_button=\u00bbon\u00bb ia_button_text=\u00bbVer m\u00e1s\u00bb ia_button_link=\u00bbhttps:\/\/www.utelvt.edu.ec\/site\/facultades\/ciencias-administrativas-y-economicas\/contabilidad-y-auditoria\/\u00bb ia_button_link_target=\u00bb1&#8243; _builder_version=\u00bb4.25.2&#8243; _module_preset=\u00bbdefault\u00bb title_font=\u00bb&#8211;et_global_body_font|900|||||||\u00bb custom_button=\u00bbon\u00bb button_text_color=\u00bb#FFFFFF\u00bb button_bg_color=\u00bb#009029&#8243; button_border_width=\u00bb0px\u00bb button_border_radius=\u00bb100px\u00bb button_icon=\u00bb&#xf054;||fa||900&#8243; button_on_hover=\u00bbon\u00bb button_alignment=\u00bbcenter\u00bb hover_enabled=\u00bb0&#8243; global_colors_info=\u00bb{}\u00bb button_bg_color__hover_enabled=\u00bbon|hover\u00bb button_bg_color__hover=\u00bb#ff0000&#8243; button_bg_enable_color__hover=\u00bbon\u00bb overlay_color__hover_enabled=\u00bbon|hover\u00bb overlay_color__hover=\u00bbrgba(0,0,0,0.7)\u00bb sticky_enabled=\u00bb0&#8243;][\/dsm_image_accordion_child][dsm_image_accordion_child image_accordion_src=\u00bbhttps:\/\/blogger.googleusercontent.com\/img\/b\/R29vZ2xl\/AVvXsEhjZQTNcDJ1_zfthhfEDCET_o684FYAWqBA_Epkao43H0DAyfo7qmNq9irtK1ctxglW87rC11X0c0I4ISSC_34Ocl4ymhFZ5Vww9duJ94KXu0BhK3PhvFRdiK70pkVtAHzclME-SJqr9RoquyDBQOwj17tVZ2rEUhGt7HTStmzu6-BS-ofpP-teaFGxRTls\/s1800\/Comercio.jpg\u00bb image_accordion_title=\u00bbCOMERCIO\u00bb show_ia_button=\u00bbon\u00bb ia_button_text=\u00bbVer m\u00e1s\u00bb ia_button_link=\u00bbhttps:\/\/www.utelvt.edu.ec\/site\/facultades\/ciencias-administrativas-y-economicas\/comercio\/\u00bb ia_button_link_target=\u00bb1&#8243; _builder_version=\u00bb4.25.2&#8243; _module_preset=\u00bbdefault\u00bb title_font=\u00bb&#8211;et_global_body_font|900|||||||\u00bb custom_button=\u00bbon\u00bb button_text_color=\u00bb#FFFFFF\u00bb button_bg_color=\u00bb#009029&#8243; button_border_width=\u00bb0px\u00bb button_border_radius=\u00bb100px\u00bb button_icon=\u00bb&#xf054;||fa||900&#8243; button_on_hover=\u00bbon\u00bb button_alignment=\u00bbcenter\u00bb hover_enabled=\u00bb0&#8243; global_colors_info=\u00bb{}\u00bb button_bg_color__hover_enabled=\u00bbon|hover\u00bb button_bg_color__hover=\u00bb#ff0000&#8243; button_bg_enable_color__hover=\u00bbon\u00bb overlay_color__hover_enabled=\u00bbon|hover\u00bb overlay_color__hover=\u00bbrgba(0,0,0,0.7)\u00bb sticky_enabled=\u00bb0&#8243;][\/dsm_image_accordion_child][\/dsm_image_accordion][\/et_pb_column][\/et_pb_row][\/et_pb_section]<\/p>\n","protected":false},"excerpt":{"rendered":"<p>FACAE Facultad de Ciencias Administraivas y Econ\u00f3micasCombinar la formaci\u00f3n de l\u00edderes de alto desempe\u00f1o t\u00e9cnico, la ejecuci\u00f3n de proyectos de investigaci\u00f3n y la prestaci\u00f3n de servicios, en una gesti\u00f3n orientada al desarrollo de procesos y tecnolog\u00edas que satisfagan las necesidades del contexto socio-econ\u00f3mico de la provincia y del pa\u00eds y sus proyecciones futuras, en t\u00e9rminos [&hellip;]<\/p>\n","protected":false},"author":9,"featured_media":0,"parent":0,"menu_order":0,"comment_status":"closed","ping_status":"closed","template":"","meta":{"_et_pb_use_builder":"on","_et_pb_old_content":"","_et_gb_content_width":"","footnotes":""},"class_list":["post-10833","page","type-page","status-publish","hentry"],"_links":{"self":[{"href":"https:\/\/utelvt.edu.ec\/admision\/wp-json\/wp\/v2\/pages\/10833","targetHints":{"allow":["GET"]}}],"collection":[{"href":"https:\/\/utelvt.edu.ec\/admision\/wp-json\/wp\/v2\/pages"}],"about":[{"href":"https:\/\/utelvt.edu.ec\/admision\/wp-json\/wp\/v2\/types\/page"}],"author":[{"embeddable":true,"href":"https:\/\/utelvt.edu.ec\/admision\/wp-json\/wp\/v2\/users\/9"}],"replies":[{"embeddable":true,"href":"https:\/\/utelvt.edu.ec\/admision\/wp-json\/wp\/v2\/comments?post=10833"}],"version-history":[{"count":7,"href":"https:\/\/utelvt.edu.ec\/admision\/wp-json\/wp\/v2\/pages\/10833\/revisions"}],"predecessor-version":[{"id":235362,"href":"https:\/\/utelvt.edu.ec\/admision\/wp-json\/wp\/v2\/pages\/10833\/revisions\/235362"}],"wp:attachment":[{"href":"https:\/\/utelvt.edu.ec\/admision\/wp-json\/wp\/v2\/media?parent=10833"}],"curies":[{"name":"wp","href":"https:\/\/api.w.org\/{rel}","templated":true}]}}