{"id":10831,"date":"2024-05-23T23:16:20","date_gmt":"2024-05-24T04:16:20","guid":{"rendered":"https:\/\/utelvt.edu.ec\/admision\/?page_id=10831"},"modified":"2024-05-25T23:59:48","modified_gmt":"2024-05-26T04:59:48","slug":"blog","status":"publish","type":"page","link":"https:\/\/utelvt.edu.ec\/admision\/blog\/","title":{"rendered":"BLOG"},"content":{"rendered":"<p>[et_pb_section fb_built=\u00bb1&#8243; custom_padding_last_edited=\u00bboff|desktop\u00bb admin_label=\u00bbHero\u00bb _builder_version=\u00bb4.16&#8243; background_color=\u00bb#f8f7fc\u00bb background_color_gradient_direction=\u00bb60deg\u00bb custom_padding=\u00bb100px|||\u00bb global_colors_info=\u00bb{}\u00bb][et_pb_row _builder_version=\u00bb4.16&#8243; custom_padding=\u00bb|||\u00bb global_colors_info=\u00bb{}\u00bb][et_pb_column type=\u00bb4_4&#8243; _builder_version=\u00bb4.16&#8243; custom_padding=\u00bb|||\u00bb global_colors_info=\u00bb{}\u00bb custom_padding__hover=\u00bb|||\u00bb][et_pb_text _builder_version=\u00bb4.25.1&#8243; text_font=\u00bbRoboto|600|||||||\u00bb text_font_size=\u00bb16px\u00bb text_line_height=\u00bb1.8em\u00bb header_font=\u00bbRoboto||||||||\u00bb header_2_font=\u00bbPoppins||||||||\u00bb header_2_font_size=\u00bb36px\u00bb header_2_line_height=\u00bb1.4em\u00bb text_orientation=\u00bbcenter\u00bb max_width=\u00bb700px\u00bb module_alignment=\u00bbcenter\u00bb hover_enabled=\u00bb0&#8243; global_colors_info=\u00bb{}\u00bb sticky_enabled=\u00bb0&#8243;]<\/p>\n<h2><strong>Blog<\/strong><\/h2>\n<p>Aqu\u00ed encontrar\u00e1s las \u00faltimas noticias, eventos y logros de nuestra comunidad acad\u00e9mica. Mantente informado sobre las iniciativas innovadoras, oportunidades de becas, y actividades culturales que se desarrollan en nuestra instituci\u00f3n.<\/p>\n<p>[\/et_pb_text][\/et_pb_column][\/et_pb_row][\/et_pb_section][et_pb_section fb_built=\u00bb1&#8243; admin_label=\u00bbBlog\u00bb _builder_version=\u00bb4.16&#8243; background_color=\u00bb#f9f8fc\u00bb custom_padding=\u00bb||100px|\u00bb global_colors_info=\u00bb{}\u00bb][et_pb_row _builder_version=\u00bb4.16&#8243; background_size=\u00bbinitial\u00bb background_position=\u00bbtop_left\u00bb background_repeat=\u00bbrepeat\u00bb module_alignment=\u00bbcenter\u00bb global_colors_info=\u00bb{}\u00bb][et_pb_column type=\u00bb4_4&#8243; _builder_version=\u00bb4.16&#8243; custom_padding=\u00bb|||\u00bb global_colors_info=\u00bb{}\u00bb custom_padding__hover=\u00bb|||\u00bb][et_pb_blog fullwidth=\u00bboff\u00bb posts_number=\u00bb6&#8243; show_author=\u00bboff\u00bb show_date=\u00bboff\u00bb show_categories=\u00bboff\u00bb _builder_version=\u00bb4.16&#8243; header_font=\u00bbRoboto|600||on|||||\u00bb header_text_color=\u00bb#2c3238&#8243; header_font_size=\u00bb14px\u00bb header_line_height=\u00bb1.3em\u00bb body_font=\u00bbRoboto||||||||\u00bb body_line_height=\u00bb1.8em\u00bb meta_font=\u00bbRoboto||||||||\u00bb meta_text_color=\u00bbrgba(86,86,86,0.54)\u00bb meta_line_height=\u00bb1.8em\u00bb read_more_font=\u00bbRoboto||||||||\u00bb pagination_font=\u00bb||||||||\u00bb custom_margin=\u00bb|||\u00bb border_radii=\u00bbon|8px|8px|8px|8px\u00bb border_width_all=\u00bb0px\u00bb box_shadow_style=\u00bbpreset1&#8243; box_shadow_color=\u00bbrgba(198,198,198,0.3)\u00bb use_dropshadow=\u00bbon\u00bb global_colors_info=\u00bb{}\u00bb][\/et_pb_blog][\/et_pb_column][\/et_pb_row][\/et_pb_section][et_pb_section fb_built=\u00bb1&#8243; admin_label=\u00bbTry it Free\u00bb _builder_version=\u00bb4.16&#8243; background_color=\u00bb#000000&#8243; custom_padding=\u00bb100px|0px|100px|0px\u00bb global_colors_info=\u00bb{}\u00bb][et_pb_row column_structure=\u00bb1_4,1_2,1_4&#8243; _builder_version=\u00bb4.16&#8243; global_colors_info=\u00bb{}\u00bb][et_pb_column type=\u00bb1_4&#8243; _builder_version=\u00bb4.16&#8243; custom_padding=\u00bb|||\u00bb global_colors_info=\u00bb{}\u00bb custom_padding__hover=\u00bb|||\u00bb][\/et_pb_column][et_pb_column type=\u00bb1_2&#8243; _builder_version=\u00bb4.16&#8243; custom_padding=\u00bb|||\u00bb global_colors_info=\u00bb{}\u00bb custom_padding__hover=\u00bb|||\u00bb][et_pb_signup mailchimp_list=\u00bbSlavaET|03dac884f0&#8243; name_field=\u00bbon\u00bb title=\u00bbSuscr\u00edbete\u00bb button_text=\u00bbEnviar\u00bb _builder_version=\u00bb4.16&#8243; header_font=\u00bbRoboto||||||||\u00bb header_line_height=\u00bb1.4em\u00bb body_font=\u00bbRoboto||||||||\u00bb result_message_font=\u00bbRoboto||||||||\u00bb use_background_color=\u00bboff\u00bb custom_button=\u00bbon\u00bb button_text_size=\u00bb14px\u00bb button_text_color=\u00bb#ffffff\u00bb button_bg_color=\u00bb#009029&#8243; button_border_width=\u00bb8px\u00bb button_border_color=\u00bb#009029&#8243; button_border_radius=\u00bb100px\u00bb button_letter_spacing=\u00bb1px\u00bb button_font=\u00bbRoboto|600||on|||||\u00bb button_use_icon=\u00bboff\u00bb text_orientation=\u00bbcenter\u00bb button_letter_spacing_tablet=\u00bb\u00bb button_letter_spacing_phone=\u00bb\u00bb button_letter_spacing_last_edited=\u00bbon|desktop\u00bb border_radii_fields=\u00bbon|100px|100px|100px|100px\u00bb locked=\u00bboff\u00bb global_colors_info=\u00bb{}\u00bb button_text_size__hover_enabled=\u00bboff\u00bb button_one_text_size__hover_enabled=\u00bboff\u00bb button_two_text_size__hover_enabled=\u00bboff\u00bb button_text_color__hover_enabled=\u00bboff\u00bb button_one_text_color__hover_enabled=\u00bboff\u00bb button_two_text_color__hover_enabled=\u00bboff\u00bb button_border_width__hover_enabled=\u00bboff\u00bb button_one_border_width__hover_enabled=\u00bboff\u00bb button_two_border_width__hover_enabled=\u00bboff\u00bb button_border_color__hover_enabled=\u00bboff\u00bb button_one_border_color__hover_enabled=\u00bboff\u00bb button_two_border_color__hover_enabled=\u00bboff\u00bb button_border_radius__hover_enabled=\u00bboff\u00bb button_one_border_radius__hover_enabled=\u00bboff\u00bb button_two_border_radius__hover_enabled=\u00bboff\u00bb button_letter_spacing__hover_enabled=\u00bboff\u00bb button_one_letter_spacing__hover_enabled=\u00bboff\u00bb button_two_letter_spacing__hover_enabled=\u00bboff\u00bb button_bg_color__hover_enabled=\u00bboff\u00bb button_one_bg_color__hover_enabled=\u00bboff\u00bb button_two_bg_color__hover_enabled=\u00bboff\u00bb][\/et_pb_signup][et_pb_text _builder_version=\u00bb4.16&#8243; text_font=\u00bbRoboto||||||||\u00bb text_text_color=\u00bb#FFFFFF\u00bb header_font=\u00bbRoboto||||||||\u00bb text_orientation=\u00bbcenter\u00bb background_layout=\u00bbdark\u00bb global_colors_info=\u00bb{}\u00bb]<\/p>\n<p>Suscr\u00edbete para Recibir las \u00daltimas Noticias de la UTLVTE<\/p>\n<p>[\/et_pb_text][\/et_pb_column][et_pb_column type=\u00bb1_4&#8243; _builder_version=\u00bb4.16&#8243; custom_padding=\u00bb|||\u00bb global_colors_info=\u00bb{}\u00bb custom_padding__hover=\u00bb|||\u00bb][\/et_pb_column][\/et_pb_row][\/et_pb_section]<\/p>\n","protected":false},"excerpt":{"rendered":"<p>Blog Aqu\u00ed encontrar\u00e1s las \u00faltimas noticias, eventos y logros de nuestra comunidad acad\u00e9mica. Mantente informado sobre las iniciativas innovadoras, oportunidades de becas, y actividades culturales que se desarrollan en nuestra instituci\u00f3n.Suscr\u00edbete para Recibir las \u00daltimas Noticias de la UTLVTE<\/p>\n","protected":false},"author":9,"featured_media":0,"parent":0,"menu_order":0,"comment_status":"closed","ping_status":"closed","template":"","meta":{"_et_pb_use_builder":"on","_et_pb_old_content":"","_et_gb_content_width":"","footnotes":""},"class_list":["post-10831","page","type-page","status-publish","hentry"],"_links":{"self":[{"href":"https:\/\/utelvt.edu.ec\/admision\/wp-json\/wp\/v2\/pages\/10831","targetHints":{"allow":["GET"]}}],"collection":[{"href":"https:\/\/utelvt.edu.ec\/admision\/wp-json\/wp\/v2\/pages"}],"about":[{"href":"https:\/\/utelvt.edu.ec\/admision\/wp-json\/wp\/v2\/types\/page"}],"author":[{"embeddable":true,"href":"https:\/\/utelvt.edu.ec\/admision\/wp-json\/wp\/v2\/users\/9"}],"replies":[{"embeddable":true,"href":"https:\/\/utelvt.edu.ec\/admision\/wp-json\/wp\/v2\/comments?post=10831"}],"version-history":[{"count":0,"href":"https:\/\/utelvt.edu.ec\/admision\/wp-json\/wp\/v2\/pages\/10831\/revisions"}],"wp:attachment":[{"href":"https:\/\/utelvt.edu.ec\/admision\/wp-json\/wp\/v2\/media?parent=10831"}],"curies":[{"name":"wp","href":"https:\/\/api.w.org\/{rel}","templated":true}]}}